{"id":2355,"date":"2025-03-24T16:00:19","date_gmt":"2025-03-24T16:00:19","guid":{"rendered":"https:\/\/oceancompanyfood.com\/overschotten\/"},"modified":"2026-01-22T09:17:33","modified_gmt":"2026-01-22T09:17:33","slug":"overschotten","status":"publish","type":"page","link":"https:\/\/oceancompanyfood.com\/nl\/overschotten\/","title":{"rendered":"Overschotten"},"content":{"rendered":"<p>[et_pb_section fb_built=&#8221;1&#8243; custom_padding_last_edited=&#8221;on|tablet&#8221; next_background_color=&#8221;#ffffff&#8221; admin_label=&#8221;section&#8221; _builder_version=&#8221;4.27.4&#8243; background_enable_color=&#8221;off&#8221; use_background_color_gradient=&#8221;on&#8221; background_color_gradient_stops=&#8221;#182b3b 0%|rgba(24,43,59,0.5) 100%&#8221; background_image=&#8221;https:\/\/oceancompanyfood.com\/wp-content\/uploads\/2025\/02\/Ocean-Ingredients-header-1920-x-1080.jpg&#8221; background_blend=&#8221;exclusion&#8221; custom_margin=&#8221;||||false|false&#8221; custom_padding=&#8221;8.5vw||2vw||false|false&#8221; custom_padding_tablet=&#8221;35vw||||false|false&#8221; custom_padding_phone=&#8221;58vw||||false|false&#8221; bottom_divider_style=&#8221;wave&#8221; bottom_divider_height=&#8221;3.5vw&#8221; background_last_edited=&#8221;on|desktop&#8221; background_size_phone=&#8221;cover&#8221; background_position_tablet=&#8221;bottom_right&#8221; background_position_phone=&#8221;bottom_right&#8221; locked=&#8221;off&#8221; global_colors_info=&#8221;{}&#8221;][et_pb_row _builder_version=&#8221;4.27.4&#8243; _module_preset=&#8221;default&#8221; global_colors_info=&#8221;{}&#8221;][et_pb_column type=&#8221;4_4&#8243; _builder_version=&#8221;4.27.4&#8243; _module_preset=&#8221;default&#8221; global_colors_info=&#8221;{}&#8221;][et_pb_blurb image=&#8221;https:\/\/oceancompanyfood.com\/wp-content\/uploads\/\/2025\/02\/Blurb.svg&#8221; icon_placement=&#8221;left&#8221; image_icon_width=&#8221;5px&#8221; content_max_width=&#8221;210px&#8221; content_max_width_tablet=&#8221;32%&#8221; content_max_width_phone=&#8221;66%&#8221; content_max_width_last_edited=&#8221;off|desktop&#8221; module_class=&#8221;dm-tight-blurb2&#8243; _builder_version=&#8221;4.27.4&#8243; _module_preset=&#8221;default&#8221; body_font=&#8221;|800||on|||||&#8221; body_text_color=&#8221;#FFFFFF&#8221; body_font_size=&#8221;17px&#8221; body_letter_spacing=&#8221;2px&#8221; body_line_height=&#8221;1.4em&#8221; image_icon_custom_margin=&#8221;|||10px|false|false&#8221; image_icon_custom_padding=&#8221;||||false|false&#8221; module_alignment=&#8221;center&#8221; custom_margin=&#8221;||20px||false|false&#8221; custom_padding=&#8221;||||false|false&#8221; animation=&#8221;off&#8221; custom_css_main_element=&#8221;margin-left:-10px;&#8221; locked=&#8221;off&#8221; global_colors_info=&#8221;{}&#8221;]<\/p>\n<p style=\"text-align: center;\">Ocean Company<\/p>\n<p>[\/et_pb_blurb][et_pb_heading title=&#8221;@ET-DC@eyJkeW5hbWljIjp0cnVlLCJjb250ZW50IjoicG9zdF90aXRsZSIsInNldHRpbmdzIjp7ImJlZm9yZSI6IiIsImFmdGVyIjoiIn19@&#8221; _builder_version=&#8221;4.27.5&#8243; _module_preset=&#8221;default&#8221; _dynamic_attributes=&#8221;title&#8221; hover_enabled=&#8221;0&#8243; sticky_enabled=&#8221;0&#8243; title_font=&#8221;|800|||||||&#8221; title_text_align=&#8221;center&#8221; title_text_color=&#8221;#FFFFFF&#8221; title_font_size=&#8221;44px&#8221; title_font_size_tablet=&#8221;40px&#8221; title_font_size_phone=&#8221;36px&#8221; title_font_size_last_edited=&#8221;on|phone&#8221; title_line_height=&#8221;1.1em&#8221; title_2_font=&#8221;|800|||||||&#8221; title_2_text_color=&#8221;#FFFFFF&#8221; title_2_font_size=&#8221;36px&#8221; title_2_font_size_tablet=&#8221;34px&#8221; title_2_font_size_phone=&#8221;32px&#8221; title_2_font_size_last_edited=&#8221;on|tablet&#8221; title_2_line_height=&#8221;1.1em&#8221; custom_margin=&#8221;||20px||false|false&#8221; locked=&#8221;off&#8221;][\/et_pb_heading][\/et_pb_column][\/et_pb_row][\/et_pb_section][et_pb_section fb_built=&#8221;1&#8243; _builder_version=&#8221;4.27.4&#8243; _module_preset=&#8221;default&#8221; use_background_color_gradient=&#8221;on&#8221; background_color_gradient_stops=&#8221;#ffffff 0%|rgba(255,255,255,0.6) 100%&#8221; background_image=&#8221;https:\/\/oceancompanyfood.com\/wp-content\/uploads\/2025\/02\/BG1.jpg&#8221; background_blend=&#8221;overlay&#8221; global_colors_info=&#8221;{}&#8221;][et_pb_row column_structure=&#8221;1_2,1_2&#8243; use_custom_gutter=&#8221;on&#8221; gutter_width=&#8221;4&#8243; make_equal=&#8221;on&#8221; _builder_version=&#8221;4.27.4&#8243; _module_preset=&#8221;default&#8221; global_colors_info=&#8221;{}&#8221; custom_css_main_element_last_edited=&#8221;on|tablet&#8221; custom_css_main_element_phone=&#8221;flex-direction: column-reverse;||display:flex;&#8221; custom_css_main_element_tablet=&#8221;flex-direction: column-reverse;||display:flex;&#8221;][et_pb_column type=&#8221;1_2&#8243; _builder_version=&#8221;4.27.4&#8243; _module_preset=&#8221;default&#8221; custom_css_main_element=&#8221;margin:auto;&#8221; global_colors_info=&#8221;{}&#8221;][et_pb_blurb image=&#8221;https:\/\/oceancompanyfood.com\/wp-content\/uploads\/\/2025\/02\/Blurb.svg&#8221; icon_placement=&#8221;left&#8221; image_icon_width=&#8221;5px&#8221; content_max_width=&#8221;100%&#8221; module_class=&#8221;dm-tight-blurb2&#8243; _builder_version=&#8221;4.27.4&#8243; _module_preset=&#8221;default&#8221; body_font=&#8221;|800||on|||||&#8221; body_text_color=&#8221;#182B3B&#8221; body_font_size=&#8221;17px&#8221; body_letter_spacing=&#8221;2px&#8221; body_line_height=&#8221;1.4em&#8221; image_icon_custom_margin=&#8221;|||10px|false|false&#8221; image_icon_custom_padding=&#8221;||||false|false&#8221; module_alignment=&#8221;left&#8221; custom_margin=&#8221;||20px||false|false&#8221; custom_padding=&#8221;||||false|false&#8221; animation=&#8221;off&#8221; custom_css_main_element=&#8221;margin-left:-10px;&#8221; locked=&#8221;off&#8221; global_colors_info=&#8221;{}&#8221;]<\/p>\n<p>Overschotten<\/p>\n<p>[\/et_pb_blurb][et_pb_text _builder_version=&#8221;4.27.4&#8243; _module_preset=&#8221;default&#8221; text_text_color=&#8221;#FFFFFF&#8221; text_font_size=&#8221;19px&#8221; text_line_height=&#8221;1.5em&#8221; header_font=&#8221;|800|||||||&#8221; header_text_color=&#8221;#FFFFFF&#8221; header_font_size=&#8221;48px&#8221; header_line_height=&#8221;1.1em&#8221; header_2_font=&#8221;|800|||||||&#8221; header_2_text_color=&#8221;#182B3B&#8221; header_2_font_size=&#8221;36px&#8221; header_2_line_height=&#8221;1.1em&#8221; custom_margin=&#8221;||15px||false|false&#8221; header_2_font_size_tablet=&#8221;34px&#8221; header_2_font_size_phone=&#8221;32px&#8221; header_2_font_size_last_edited=&#8221;on|tablet&#8221; locked=&#8221;off&#8221; global_colors_info=&#8221;{}&#8221;]<\/p>\n<h2><span>We zetten je restpartijen om in opbrengst<\/span><\/h2>\n<p>[\/et_pb_text][et_pb_text _builder_version=&#8221;4.27.4&#8243; _module_preset=&#8221;default&#8221; global_colors_info=&#8221;{}&#8221;]<\/p>\n<p><span>Bij Ocean Company zijn we gespecialiseerd in het opkopen van overschotten van voedingsproducten. Of het nu gaat om beschadigde goederen, misproducties, restanten of zelfs producten over de datum, wij staan voor je klaar. Ons doel is om de waarde voor jou te maximaliseren door een oplossing te bieden voor overtollige voorraad, verspilling te minimaliseren en middelen te optimaliseren. Neem vandaag nog contact met ons op om meer te weten te komen over hoe we je kunnen helpen.<\/span><\/p>\n<p>[\/et_pb_text][et_pb_button button_url=&#8221;#overschotten&#8221; button_text=&#8221;Wat je krijgt&#8221; _builder_version=&#8221;4.27.4&#8243; _module_preset=&#8221;default&#8221; custom_button=&#8221;on&#8221; button_text_size=&#8221;15px&#8221; button_text_color=&#8221;#FFFFFF&#8221; button_bg_color=&#8221;#20B2AA&#8221; button_border_width=&#8221;3px&#8221; button_border_color=&#8221;#20B2AA&#8221; button_border_radius=&#8221;100px&#8221; button_letter_spacing=&#8221;2px&#8221; button_font=&#8221;|800||on|||||&#8221; custom_padding=&#8221;12px|30px|12px|30px|true|true&#8221; locked=&#8221;off&#8221; global_colors_info=&#8221;{}&#8221; button_bg_color__hover_enabled=&#8221;on|desktop&#8221; button_bg_color__hover=&#8221;RGBA(255,255,255,0)&#8221; button_bg_enable_color__hover=&#8221;on&#8221; button_text_color__hover_enabled=&#8221;on|hover&#8221; button_text_color__hover=&#8221;#20B2AA&#8221;][\/et_pb_button][\/et_pb_column][et_pb_column type=&#8221;1_2&#8243; _builder_version=&#8221;4.27.4&#8243; _module_preset=&#8221;default&#8221; global_colors_info=&#8221;{}&#8221;][et_pb_image src=&#8221;https:\/\/oceancompanyfood.com\/wp-content\/uploads\/2025\/03\/Overstocks.jpg&#8221; _builder_version=&#8221;4.27.4&#8243; _module_preset=&#8221;default&#8221; custom_margin_tablet=&#8221;||30px||false|false&#8221; custom_margin_phone=&#8221;||30px||false|false&#8221; custom_margin_last_edited=&#8221;on|tablet&#8221; animation_style=&#8221;slide&#8221; animation_direction=&#8221;bottom&#8221; image_aspect_ratio=&#8221;4\/3&#8243; border_radii=&#8221;on|25px|25px|25px|25px&#8221; locked=&#8221;off&#8221; global_colors_info=&#8221;{}&#8221;][\/et_pb_image][\/et_pb_column][\/et_pb_row][\/et_pb_section][et_pb_section fb_built=&#8221;1&#8243; module_id=&#8221;overschotten&#8221; _builder_version=&#8221;4.27.4&#8243; _module_preset=&#8221;default&#8221; use_background_color_gradient=&#8221;on&#8221; background_color_gradient_stops=&#8221;#ffffff 0%|rgba(255,255,255,0) 70%&#8221; background_image=&#8221;https:\/\/oceancompanyfood.com\/wp-content\/uploads\/\/2025\/02\/BG-Def-1.svg&#8221; background_blend=&#8221;lighten&#8221; background_last_edited=&#8221;on|tablet&#8221; background_position_tablet=&#8221;bottom_left&#8221; background_horizontal_offset_tablet=&#8221;25%&#8221; locked=&#8221;off&#8221; global_colors_info=&#8221;{}&#8221;][et_pb_row use_custom_gutter=&#8221;on&#8221; gutter_width=&#8221;4&#8243; make_equal=&#8221;on&#8221; _builder_version=&#8221;4.27.4&#8243; _module_preset=&#8221;default&#8221; custom_margin=&#8221;||||false|false&#8221; custom_padding=&#8221;||||false|false&#8221; locked=&#8221;off&#8221; global_colors_info=&#8221;{}&#8221;][et_pb_column type=&#8221;4_4&#8243; _builder_version=&#8221;4.27.4&#8243; _module_preset=&#8221;default&#8221; global_colors_info=&#8221;{}&#8221;][et_pb_blurb image=&#8221;https:\/\/oceancompanyfood.com\/wp-content\/uploads\/\/2025\/02\/Blurb.svg&#8221; icon_placement=&#8221;left&#8221; image_icon_width=&#8221;5px&#8221; content_max_width=&#8221;190px&#8221; content_max_width_tablet=&#8221;28%&#8221; content_max_width_phone=&#8221;53%&#8221; content_max_width_last_edited=&#8221;off|phone&#8221; module_class=&#8221;dm-tight-blurb2&#8243; _builder_version=&#8221;4.27.4&#8243; _module_preset=&#8221;default&#8221; body_font=&#8221;|800||on|||||&#8221; body_text_color=&#8221;#182B3B&#8221; body_font_size=&#8221;17px&#8221; body_letter_spacing=&#8221;2px&#8221; body_line_height=&#8221;1.4em&#8221; image_icon_custom_margin=&#8221;|||10px|false|false&#8221; image_icon_custom_padding=&#8221;||||false|false&#8221; module_alignment=&#8221;center&#8221; custom_margin=&#8221;||20px||false|false&#8221; custom_padding=&#8221;||||false|false&#8221; animation=&#8221;off&#8221; custom_css_main_element=&#8221;margin-left:-10px;&#8221; global_colors_info=&#8221;{}&#8221;]<\/p>\n<p style=\"text-align: center;\">Overschotten<\/p>\n<p>[\/et_pb_blurb][et_pb_text _builder_version=&#8221;4.27.4&#8243; _module_preset=&#8221;default&#8221; text_text_color=&#8221;#FFFFFF&#8221; text_font_size=&#8221;19px&#8221; text_line_height=&#8221;1.5em&#8221; header_font=&#8221;|800|||||||&#8221; header_text_color=&#8221;#FFFFFF&#8221; header_font_size=&#8221;48px&#8221; header_line_height=&#8221;1.1em&#8221; header_2_font=&#8221;|800|||||||&#8221; header_2_text_color=&#8221;#182B3B&#8221; header_2_font_size=&#8221;36px&#8221; header_2_line_height=&#8221;1.1em&#8221; custom_margin=&#8221;||15px||false|false&#8221; header_2_font_size_tablet=&#8221;34px&#8221; header_2_font_size_phone=&#8221;32px&#8221; header_2_font_size_last_edited=&#8221;on|phone&#8221; global_colors_info=&#8221;{}&#8221;]<\/p>\n<h2 style=\"text-align: center;\">Waarom kiezen voor Ocean Company voor overschotten?<\/h2>\n<p>[\/et_pb_text][\/et_pb_column][\/et_pb_row][et_pb_row column_structure=&#8221;1_4,1_4,1_4,1_4&#8243; _builder_version=&#8221;4.27.4&#8243; _module_preset=&#8221;default&#8221; global_colors_info=&#8221;{}&#8221;][et_pb_column type=&#8221;1_4&#8243; _builder_version=&#8221;4.27.4&#8243; _module_preset=&#8221;default&#8221; global_colors_info=&#8221;{}&#8221;][et_pb_blurb title=&#8221;Maximale waarde&#8221; use_icon=&#8221;on&#8221; font_icon=&#8221;&#x52;||divi||400&#8243; icon_color=&#8221;#20B2AA&#8221; image_icon_width=&#8221;65px&#8221; icon_alignment=&#8221;left&#8221; _builder_version=&#8221;4.27.4&#8243; _module_preset=&#8221;default&#8221; header_font=&#8221;|700|||||||&#8221; header_text_color=&#8221;#182B3B&#8221; header_font_size=&#8221;17px&#8221; global_colors_info=&#8221;{}&#8221;]<\/p>\n<p>We zetten je overschot om in winst door eerlijke prijzen te bieden voor overschotten en producten over de datum.<\/p>\n<p>[\/et_pb_blurb][\/et_pb_column][et_pb_column type=&#8221;1_4&#8243; _builder_version=&#8221;4.27.4&#8243; _module_preset=&#8221;default&#8221; global_colors_info=&#8221;{}&#8221;][et_pb_blurb title=&#8221;Duurzame oplossingen&#8221; use_icon=&#8221;on&#8221; font_icon=&#8221;&#x52;||divi||400&#8243; icon_color=&#8221;#20B2AA&#8221; image_icon_width=&#8221;65px&#8221; icon_alignment=&#8221;left&#8221; _builder_version=&#8221;4.27.4&#8243; _module_preset=&#8221;default&#8221; header_font=&#8221;|700|||||||&#8221; header_text_color=&#8221;#182B3B&#8221; header_font_size=&#8221;17px&#8221; global_colors_info=&#8221;{}&#8221;]<\/p>\n<p>Verminder verspilling en optimaliseer middelen door je overschot een tweede leven te geven.<\/p>\n<p>[\/et_pb_blurb][\/et_pb_column][et_pb_column type=&#8221;1_4&#8243; _builder_version=&#8221;4.27.4&#8243; _module_preset=&#8221;default&#8221; global_colors_info=&#8221;{}&#8221;][et_pb_blurb title=&#8221;Voor alle soorten overschotten&#8221; use_icon=&#8221;on&#8221; font_icon=&#8221;&#x52;||divi||400&#8243; icon_color=&#8221;#20B2AA&#8221; image_icon_width=&#8221;65px&#8221; icon_alignment=&#8221;left&#8221; _builder_version=&#8221;4.27.4&#8243; _module_preset=&#8221;default&#8221; header_font=&#8221;|700|||||||&#8221; header_text_color=&#8221;#182B3B&#8221; header_font_size=&#8221;17px&#8221; global_colors_info=&#8221;{}&#8221;]<\/p>\n<p>We nemen beschadigde goederen, misproducties en restvoorraden voor onze rekening met een professionele en effici\u00ebnte aanpak.<\/p>\n<p>[\/et_pb_blurb][\/et_pb_column][et_pb_column type=&#8221;1_4&#8243; _builder_version=&#8221;4.27.4&#8243; _module_preset=&#8221;default&#8221; global_colors_info=&#8221;{}&#8221;][et_pb_blurb title=&#8221;Snel en zorgeloos proces&#8221; use_icon=&#8221;on&#8221; font_icon=&#8221;&#x52;||divi||400&#8243; icon_color=&#8221;#20B2AA&#8221; image_icon_width=&#8221;65px&#8221; icon_alignment=&#8221;left&#8221; _builder_version=&#8221;4.27.4&#8243; _module_preset=&#8221;default&#8221; header_font=&#8221;|700|||||||&#8221; header_text_color=&#8221;#182B3B&#8221; header_font_size=&#8221;17px&#8221; global_colors_info=&#8221;{}&#8221;]<\/p>\n<p>Onze gestroomlijnde aanpak zorgt voor snelle transacties en minimaal papierwerk.<\/p>\n<p>[\/et_pb_blurb][\/et_pb_column][\/et_pb_row][\/et_pb_section][et_pb_section fb_built=&#8221;1&#8243; module_id=&#8221;contact&#8221; _builder_version=&#8221;4.27.4&#8243; _module_preset=&#8221;default&#8221; background_color=&#8221;#BFCFD9&#8243; use_background_color_gradient=&#8221;on&#8221; background_color_gradient_type=&#8221;circular&#8221; background_color_gradient_stops=&#8221;rgba(149,172,186,0.15) 30%|#95acba 100%&#8221; background_position_tablet=&#8221;bottom_left&#8221; background_horizontal_offset_tablet=&#8221;25%&#8221; locked=&#8221;off&#8221; global_colors_info=&#8221;{}&#8221;][et_pb_row use_custom_gutter=&#8221;on&#8221; gutter_width=&#8221;4&#8243; make_equal=&#8221;on&#8221; _builder_version=&#8221;4.27.4&#8243; _module_preset=&#8221;default&#8221; max_width=&#8221;800px&#8221; custom_margin=&#8221;||||false|false&#8221; custom_padding=&#8221;||||false|false&#8221; locked=&#8221;off&#8221; global_colors_info=&#8221;{}&#8221;][et_pb_column type=&#8221;4_4&#8243; _builder_version=&#8221;4.27.4&#8243; _module_preset=&#8221;default&#8221; global_colors_info=&#8221;{}&#8221;][et_pb_blurb image=&#8221;https:\/\/oceancompanyfood.com\/wp-content\/uploads\/\/2025\/02\/Blurb.svg&#8221; icon_placement=&#8221;left&#8221; image_icon_width=&#8221;5px&#8221; content_max_width=&#8221;190px&#8221; content_max_width_tablet=&#8221;28%&#8221; content_max_width_phone=&#8221;53%&#8221; content_max_width_last_edited=&#8221;off|phone&#8221; module_class=&#8221;dm-tight-blurb2&#8243; _builder_version=&#8221;4.27.4&#8243; _module_preset=&#8221;default&#8221; body_font=&#8221;|800||on|||||&#8221; body_text_color=&#8221;#182B3B&#8221; body_font_size=&#8221;17px&#8221; body_letter_spacing=&#8221;2px&#8221; body_line_height=&#8221;1.4em&#8221; image_icon_custom_margin=&#8221;|||10px|false|false&#8221; image_icon_custom_padding=&#8221;||||false|false&#8221; module_alignment=&#8221;center&#8221; custom_margin=&#8221;||20px||false|false&#8221; custom_padding=&#8221;||||false|false&#8221; animation=&#8221;off&#8221; custom_css_main_element=&#8221;margin-left:-10px;&#8221; global_colors_info=&#8221;{}&#8221;]<\/p>\n<p style=\"text-align: center;\">Overschotten<\/p>\n<p>[\/et_pb_blurb][et_pb_text _builder_version=&#8221;4.27.4&#8243; _module_preset=&#8221;default&#8221; text_text_color=&#8221;#FFFFFF&#8221; text_font_size=&#8221;19px&#8221; text_line_height=&#8221;1.5em&#8221; header_font=&#8221;|800|||||||&#8221; header_text_color=&#8221;#FFFFFF&#8221; header_font_size=&#8221;48px&#8221; header_line_height=&#8221;1.1em&#8221; header_2_font=&#8221;|800|||||||&#8221; header_2_text_color=&#8221;#182B3B&#8221; header_2_font_size=&#8221;36px&#8221; header_2_line_height=&#8221;1.1em&#8221; custom_margin=&#8221;||15px||false|false&#8221; header_2_font_size_tablet=&#8221;34px&#8221; header_2_font_size_phone=&#8221;32px&#8221; header_2_font_size_last_edited=&#8221;on|phone&#8221; global_colors_info=&#8221;{}&#8221;]<\/p>\n<h2 style=\"text-align: center;\">Word vandaag nog partner van Ocean Company<\/h2>\n<p>[\/et_pb_text][et_pb_text _builder_version=&#8221;4.27.4&#8243; _module_preset=&#8221;default&#8221; custom_margin=&#8221;||50px||false|false&#8221; global_colors_info=&#8221;{}&#8221;]<\/p>\n<p style=\"text-align: center;\">Op zoek naar hoogwaardige, duurzame voedingsingredi\u00ebnten voor je productie? Laten we samenwerken om slimme, effici\u00ebnte en verse oplossingen op maat van jouw behoeften te cre\u00ebren.<\/p>\n<p>[\/et_pb_text][et_pb_button button_url=&#8221;https:\/\/oceancompanyfood.com\/nl\/contact\/&#8221; button_text=&#8221;Neem contact op&#8221; button_alignment=&#8221;center&#8221; _builder_version=&#8221;4.27.4&#8243; _module_preset=&#8221;default&#8221; custom_button=&#8221;on&#8221; button_text_size=&#8221;15px&#8221; button_text_color=&#8221;#FFFFFF&#8221; button_bg_color=&#8221;#20B2AA&#8221; button_border_width=&#8221;3px&#8221; button_border_color=&#8221;#20B2AA&#8221; button_border_radius=&#8221;100px&#8221; button_letter_spacing=&#8221;2px&#8221; button_font=&#8221;|800||on|||||&#8221; custom_padding=&#8221;12px|30px|12px|30px|true|true&#8221; locked=&#8221;off&#8221; global_colors_info=&#8221;{}&#8221; button_bg_color__hover_enabled=&#8221;on|desktop&#8221; button_bg_color__hover=&#8221;RGBA(255,255,255,0)&#8221; button_bg_enable_color__hover=&#8221;on&#8221; button_text_color__hover_enabled=&#8221;on|hover&#8221; button_text_color__hover=&#8221;#20B2AA&#8221;][\/et_pb_button][\/et_pb_column][\/et_pb_row][\/et_pb_section]<\/p>\n","protected":false},"excerpt":{"rendered":"<p>Ocean CompanyOverschottenWe zetten je restpartijen om in opbrengstBij Ocean Company zijn we gespecialiseerd in het opkopen van overschotten van voedingsproducten. Of het nu gaat om beschadigde goederen, misproducties, restanten of zelfs producten over de datum, wij staan voor je klaar. Ons doel is om de waarde voor jou te maximaliseren door een oplossing te bieden [&hellip;]<\/p>\n","protected":false},"author":2,"featured_media":0,"parent":0,"menu_order":0,"comment_status":"closed","ping_status":"closed","template":"","meta":{"_et_pb_use_builder":"on","_et_pb_old_content":"","_et_gb_content_width":"","inline_featured_image":false,"footnotes":""},"class_list":["post-2355","page","type-page","status-publish","hentry"],"_links":{"self":[{"href":"https:\/\/oceancompanyfood.com\/nl\/wp-json\/wp\/v2\/pages\/2355","targetHints":{"allow":["GET"]}}],"collection":[{"href":"https:\/\/oceancompanyfood.com\/nl\/wp-json\/wp\/v2\/pages"}],"about":[{"href":"https:\/\/oceancompanyfood.com\/nl\/wp-json\/wp\/v2\/types\/page"}],"author":[{"embeddable":true,"href":"https:\/\/oceancompanyfood.com\/nl\/wp-json\/wp\/v2\/users\/2"}],"replies":[{"embeddable":true,"href":"https:\/\/oceancompanyfood.com\/nl\/wp-json\/wp\/v2\/comments?post=2355"}],"version-history":[{"count":21,"href":"https:\/\/oceancompanyfood.com\/nl\/wp-json\/wp\/v2\/pages\/2355\/revisions"}],"predecessor-version":[{"id":4606,"href":"https:\/\/oceancompanyfood.com\/nl\/wp-json\/wp\/v2\/pages\/2355\/revisions\/4606"}],"wp:attachment":[{"href":"https:\/\/oceancompanyfood.com\/nl\/wp-json\/wp\/v2\/media?parent=2355"}],"curies":[{"name":"wp","href":"https:\/\/api.w.org\/{rel}","templated":true}]}}