{"id":2874,"date":"2025-03-24T16:00:19","date_gmt":"2025-03-24T16:00:19","guid":{"rendered":"https:\/\/oceancompanyfood.com\/existencias\/"},"modified":"2026-01-22T13:14:38","modified_gmt":"2026-01-22T13:14:38","slug":"existencias","status":"publish","type":"page","link":"https:\/\/oceancompanyfood.com\/es\/existencias\/","title":{"rendered":"Existencias"},"content":{"rendered":"<p>[et_pb_section fb_built=\u00bb1&#8243; custom_padding_last_edited=\u00bbon|tablet\u00bb next_background_color=\u00bb#ffffff\u00bb admin_label=\u00bbsection\u00bb _builder_version=\u00bb4.27.4&#8243; background_enable_color=\u00bboff\u00bb use_background_color_gradient=\u00bbon\u00bb background_color_gradient_stops=\u00bb#182b3b 0%|rgba(24,43,59,0.5) 100%\u00bb background_image=\u00bbhttps:\/\/oceancompanyfood.com\/wp-content\/uploads\/2025\/02\/Ocean-Ingredients-header-1920-x-1080.jpg\u00bb background_blend=\u00bbexclusion\u00bb custom_margin=\u00bb||||false|false\u00bb custom_padding=\u00bb8.5vw||2vw||false|false\u00bb custom_padding_tablet=\u00bb35vw||||false|false\u00bb custom_padding_phone=\u00bb58vw||||false|false\u00bb bottom_divider_style=\u00bbwave\u00bb bottom_divider_height=\u00bb3.5vw\u00bb background_last_edited=\u00bbon|desktop\u00bb background_size_phone=\u00bbcover\u00bb background_position_tablet=\u00bbbottom_right\u00bb background_position_phone=\u00bbbottom_right\u00bb locked=\u00bboff\u00bb global_colors_info=\u00bb{}\u00bb][et_pb_row _builder_version=\u00bb4.27.4&#8243; _module_preset=\u00bbdefault\u00bb global_colors_info=\u00bb{}\u00bb][et_pb_column type=\u00bb4_4&#8243; _builder_version=\u00bb4.27.4&#8243; _module_preset=\u00bbdefault\u00bb global_colors_info=\u00bb{}\u00bb][et_pb_blurb image=\u00bbhttps:\/\/oceancompanyfood.com\/wp-content\/uploads\/\/2025\/02\/Blurb.svg\u00bb icon_placement=\u00bbleft\u00bb image_icon_width=\u00bb5px\u00bb content_max_width=\u00bb210px\u00bb content_max_width_tablet=\u00bb32%\u00bb content_max_width_phone=\u00bb66%\u00bb content_max_width_last_edited=\u00bboff|desktop\u00bb module_class=\u00bbdm-tight-blurb2&#8243; _builder_version=\u00bb4.27.4&#8243; _module_preset=\u00bbdefault\u00bb body_font=\u00bb|800||on|||||\u00bb body_text_color=\u00bb#FFFFFF\u00bb body_font_size=\u00bb17px\u00bb body_letter_spacing=\u00bb2px\u00bb body_line_height=\u00bb1.4em\u00bb image_icon_custom_margin=\u00bb|||10px|false|false\u00bb image_icon_custom_padding=\u00bb||||false|false\u00bb module_alignment=\u00bbcenter\u00bb custom_margin=\u00bb||20px||false|false\u00bb custom_padding=\u00bb||||false|false\u00bb animation=\u00bboff\u00bb custom_css_main_element=\u00bbmargin-left:-10px;\u00bb locked=\u00bboff\u00bb global_colors_info=\u00bb{}\u00bb]<\/p>\n<p style=\"text-align: center;\">Empresa Ocean<\/p>\n<p>[\/et_pb_blurb][et_pb_heading title=\u00bb@ET-DC@eyJkeW5hbWljIjp0cnVlLCJjb250ZW50IjoicG9zdF90aXRsZSIsInNldHRpbmdzIjp7ImJlZm9yZSI6IiIsImFmdGVyIjoiIn19@\u00bb _builder_version=\u00bb4.27.5&#8243; _dynamic_attributes=\u00bbtitle\u00bb _module_preset=\u00bbdefault\u00bb title_font=\u00bb|800|||||||\u00bb title_text_align=\u00bbcenter\u00bb title_text_color=\u00bb#FFFFFF\u00bb title_font_size=\u00bb44px\u00bb title_line_height=\u00bb1.1em\u00bb custom_margin=\u00bb||20px||false|false\u00bb title_font_size_tablet=\u00bb40px\u00bb title_font_size_phone=\u00bb36px\u00bb title_font_size_last_edited=\u00bbon|phone\u00bb locked=\u00bboff\u00bb global_colors_info=\u00bb{}\u00bb title_2_font_size_tablet=\u00bb34px\u00bb title_2_font_size_phone=\u00bb32px\u00bb title_2_font_size_last_edited=\u00bbon|tablet\u00bb][\/et_pb_heading][\/et_pb_column][\/et_pb_row][\/et_pb_section][et_pb_section fb_built=\u00bb1&#8243; _builder_version=\u00bb4.27.4&#8243; _module_preset=\u00bbdefault\u00bb use_background_color_gradient=\u00bbon\u00bb background_color_gradient_stops=\u00bb#ffffff 0%|rgba(255,255,255,0.6) 100%\u00bb background_image=\u00bbhttps:\/\/oceancompanyfood.com\/wp-content\/uploads\/2025\/02\/BG1.jpg\u00bb background_blend=\u00bboverlay\u00bb global_colors_info=\u00bb{}\u00bb][et_pb_row column_structure=\u00bb1_2,1_2&#8243; use_custom_gutter=\u00bbon\u00bb gutter_width=\u00bb4&#8243; make_equal=\u00bbon\u00bb _builder_version=\u00bb4.27.4&#8243; _module_preset=\u00bbdefault\u00bb global_colors_info=\u00bb{}\u00bb custom_css_main_element_last_edited=\u00bbon|tablet\u00bb custom_css_main_element_phone=\u00bbflex-direction: column-reverse;||display:flex;\u00bb custom_css_main_element_tablet=\u00bbflex-direction: column-reverse;||display:flex;\u00bb][et_pb_column type=\u00bb1_2&#8243; _builder_version=\u00bb4.27.4&#8243; _module_preset=\u00bbdefault\u00bb custom_css_main_element=\u00bbmargin:auto;\u00bb global_colors_info=\u00bb{}\u00bb][et_pb_blurb image=\u00bbhttps:\/\/oceancompanyfood.com\/wp-content\/uploads\/\/2025\/02\/Blurb.svg\u00bb icon_placement=\u00bbleft\u00bb image_icon_width=\u00bb5px\u00bb content_max_width=\u00bb100%\u00bb module_class=\u00bbdm-tight-blurb2&#8243; _builder_version=\u00bb4.27.4&#8243; _module_preset=\u00bbdefault\u00bb body_font=\u00bb|800||on|||||\u00bb body_text_color=\u00bb#182B3B\u00bb body_font_size=\u00bb17px\u00bb body_letter_spacing=\u00bb2px\u00bb body_line_height=\u00bb1.4em\u00bb image_icon_custom_margin=\u00bb|||10px|false|false\u00bb image_icon_custom_padding=\u00bb||||false|false\u00bb module_alignment=\u00bbleft\u00bb custom_margin=\u00bb||20px||false|false\u00bb custom_padding=\u00bb||||false|false\u00bb animation=\u00bboff\u00bb custom_css_main_element=\u00bbmargin-left:-10px;\u00bb locked=\u00bboff\u00bb global_colors_info=\u00bb{}\u00bb]<\/p>\n<p>Existencias<\/p>\n<p>[\/et_pb_blurb][et_pb_text _builder_version=\u00bb4.27.4&#8243; _module_preset=\u00bbdefault\u00bb text_text_color=\u00bb#FFFFFF\u00bb text_font_size=\u00bb19px\u00bb text_line_height=\u00bb1.5em\u00bb header_font=\u00bb|800|||||||\u00bb header_text_color=\u00bb#FFFFFF\u00bb header_font_size=\u00bb48px\u00bb header_line_height=\u00bb1.1em\u00bb header_2_font=\u00bb|800|||||||\u00bb header_2_text_color=\u00bb#182B3B\u00bb header_2_font_size=\u00bb36px\u00bb header_2_line_height=\u00bb1.1em\u00bb custom_margin=\u00bb||15px||false|false\u00bb header_2_font_size_tablet=\u00bb34px\u00bb header_2_font_size_phone=\u00bb32px\u00bb header_2_font_size_last_edited=\u00bbon|tablet\u00bb locked=\u00bboff\u00bb global_colors_info=\u00bb{}\u00bb]<\/p>\n<h2><span>Maximizamos su valor<\/span><\/h2>\n<p>[\/et_pb_text][et_pb_text _builder_version=\u00bb4.27.4&#8243; _module_preset=\u00bbdefault\u00bb global_colors_info=\u00bb{}\u00bb]<\/p>\n<p><span>En Ocean Company estamos especializados en la compra de excedentes de productos alimentarios. Tanto si se trata de productos da\u00f1ados, como de producciones err\u00f3neas, sobras o incluso art\u00edculos caducados, estamos aqu\u00ed para ayudarle. Nuestro objetivo es maximizar el valor para usted proporcion\u00e1ndole una soluci\u00f3n para el exceso de inventario, minimizando los residuos y optimizando los recursos. P\u00f3ngase en contacto con nosotros hoy mismo para obtener m\u00e1s informaci\u00f3n sobre c\u00f3mo podemos ayudarle.   <\/span><\/p>\n<p>[\/et_pb_text][et_pb_button button_url=\u00bb#overstocks\u00bb button_text=\u00bbLo que obtiene\u00bb _builder_version=\u00bb4.27.4&#8243; _module_preset=\u00bbdefault\u00bb custom_button=\u00bbon\u00bb button_text_size=\u00bb15px\u00bb button_text_color=\u00bb#FFFFFF\u00bb button_bg_color=\u00bb#20B2AA\u00bb button_border_width=\u00bb3px\u00bb button_border_color=\u00bb#20B2AA\u00bb button_border_radius=\u00bb100px\u00bb button_letter_spacing=\u00bb2px\u00bb button_font=\u00bb|800||on|||||\u00bb custom_padding=\u00bb12px|30px|12px|30px|true|true\u00bb locked=\u00bboff\u00bb global_colors_info=\u00bb{}\u00bb button_bg_color__hover_enabled=\u00bbon|desktop\u00bb button_bg_color__hover=\u00bbRGBA(255,255,255,0)\u00bb button_bg_enable_color__hover=\u00bbon\u00bb button_text_color__hover_enabled=\u00bbon|hover\u00bb button_text_color__hover=\u00bb#20B2AA\u00bb][\/et_pb_button][\/et_pb_column][et_pb_column type=\u00bb1_2&#8243; _builder_version=\u00bb4.27.4&#8243; _module_preset=\u00bbdefault\u00bb global_colors_info=\u00bb{}\u00bb][et_pb_image src=\u00bbhttps:\/\/oceancompanyfood.com\/wp-content\/uploads\/2025\/03\/Overstocks.jpg\u00bb _builder_version=\u00bb4.27.4&#8243; _module_preset=\u00bbdefault\u00bb custom_margin_tablet=\u00bb||30px||false|false\u00bb custom_margin_phone=\u00bb||30px||false|false\u00bb custom_margin_last_edited=\u00bbon|tablet\u00bb animation_style=\u00bbslide\u00bb animation_direction=\u00bbbottom\u00bb image_aspect_ratio=\u00bb4\/3&#8243; border_radii=\u00bbon|25px|25px|25px|25px\u00bb locked=\u00bboff\u00bb global_colors_info=\u00bb{}\u00bb][\/et_pb_image][\/et_pb_column][\/et_pb_row][\/et_pb_section][et_pb_section fb_built=\u00bb1&#8243; module_id=\u00bbExceso de existencias\u00bb _builder_version=\u00bb4.27.4&#8243; _module_preset=\u00bbdefault\u00bb use_background_color_gradient=\u00bbon\u00bb background_color_gradient_stops=\u00bb#ffffff 0%|rgba(255,255,255,0) 70%\u00bb background_image=\u00bbhttps:\/\/oceancompanyfood.com\/wp-content\/uploads\/\/2025\/02\/BG-Def-1.svg\u00bb background_blend=\u00bblighten\u00bb background_last_edited=\u00bbon|tablet\u00bb background_position_tablet=\u00bbbottom_left\u00bb background_horizontal_offset_tablet=\u00bb25%\u00bb locked=\u00bboff\u00bb global_colors_info=\u00bb{}\u00bb][et_pb_row use_custom_gutter=\u00bbon\u00bb gutter_width=\u00bb4&#8243; make_equal=\u00bbon\u00bb _builder_version=\u00bb4.27.4&#8243; _module_preset=\u00bbdefault\u00bb custom_margin=\u00bb||||false|false\u00bb custom_padding=\u00bb||||false|false\u00bb locked=\u00bboff\u00bb global_colors_info=\u00bb{}\u00bb][et_pb_column type=\u00bb4_4&#8243; _builder_version=\u00bb4.27.4&#8243; _module_preset=\u00bbdefault\u00bb global_colors_info=\u00bb{}\u00bb][et_pb_blurb image=\u00bbhttps:\/\/oceancompanyfood.com\/wp-content\/uploads\/\/2025\/02\/Blurb.svg\u00bb icon_placement=\u00bbleft\u00bb image_icon_width=\u00bb5px\u00bb content_max_width=\u00bb155px\u00bb content_max_width_tablet=\u00bb28%\u00bb content_max_width_phone=\u00bb53%\u00bb content_max_width_last_edited=\u00bboff|phone\u00bb module_class=\u00bbdm-tight-blurb2&#8243; _builder_version=\u00bb4.27.4&#8243; _module_preset=\u00bbdefault\u00bb body_font=\u00bb|800||on|||||\u00bb body_text_color=\u00bb#182B3B\u00bb body_font_size=\u00bb17px\u00bb body_letter_spacing=\u00bb2px\u00bb body_line_height=\u00bb1.4em\u00bb image_icon_custom_margin=\u00bb|||10px|false|false\u00bb image_icon_custom_padding=\u00bb||||false|false\u00bb module_alignment=\u00bbcenter\u00bb custom_margin=\u00bb||20px||false|false\u00bb custom_padding=\u00bb||||false|false\u00bb animation=\u00bboff\u00bb custom_css_main_element=\u00bbmargin-left:-10px;\u00bb global_colors_info=\u00bb{}\u00bb]<\/p>\n<p style=\"text-align: center;\">Existencias<\/p>\n<p>[\/et_pb_blurb][et_pb_text _builder_version=\u00bb4.27.4&#8243; _module_preset=\u00bbdefault\u00bb text_text_color=\u00bb#FFFFFF\u00bb text_font_size=\u00bb19px\u00bb text_line_height=\u00bb1.5em\u00bb header_font=\u00bb|800|||||||\u00bb header_text_color=\u00bb#FFFFFF\u00bb header_font_size=\u00bb48px\u00bb header_line_height=\u00bb1.1em\u00bb header_2_font=\u00bb|800|||||||\u00bb header_2_text_color=\u00bb#182B3B\u00bb header_2_font_size=\u00bb36px\u00bb header_2_line_height=\u00bb1.1em\u00bb custom_margin=\u00bb||15px||false|false\u00bb header_2_font_size_tablet=\u00bb34px\u00bb header_2_font_size_phone=\u00bb32px\u00bb header_2_font_size_last_edited=\u00bbon|phone\u00bb global_colors_info=\u00bb{}\u00bb]<\/p>\n<h2 style=\"text-align: center;\">\u00bfPor qu\u00e9 elegir Ocean Company para los excedentes?<\/h2>\n<p>[\/et_pb_text][\/et_pb_column][\/et_pb_row][et_pb_row column_structure=\u00bb1_4,1_4,1_4,1_4&#8243; _builder_version=\u00bb4.27.4&#8243; _module_preset=\u00bbdefault\u00bb global_colors_info=\u00bb{}\u00bb][et_pb_column type=\u00bb1_4&#8243; _builder_version=\u00bb4.27.4&#8243; _module_preset=\u00bbdefault\u00bb global_colors_info=\u00bb{}\u00bb][et_pb_blurb title=\u00bbValor m\u00e1ximo\u00bb use_icon=\u00bbon\u00bb font_icon=\u00bb&#x52;||divi||400&#8243; icon_color=\u00bb#20B2AA\u00bb image_icon_width=\u00bb65px\u00bb icon_alignment=\u00bbleft\u00bb _builder_version=\u00bb4.27.4&#8243; _module_preset=\u00bbdefault\u00bb header_font=\u00bb|700|||||||\u00bb header_text_color=\u00bb#182B3B\u00bb header_font_size=\u00bb17px\u00bb global_colors_info=\u00bb{}\u00bb]<\/p>\n<p>Convertimos sus excedentes en beneficios ofreci\u00e9ndole precios justos por los productos sobrantes y caducados.<\/p>\n<p>[\/et_pb_blurb][\/et_pb_column][et_pb_column type=\u00bb1_4&#8243; _builder_version=\u00bb4.27.4&#8243; _module_preset=\u00bbdefault\u00bb global_colors_info=\u00bb{}\u00bb][et_pb_blurb title=\u00bbSoluciones sostenibles\u00bb use_icon=\u00bbon\u00bb font_icon=\u00bb&#x52;||divi||400&#8243; icon_color=\u00bb#20B2AA\u00bb image_icon_width=\u00bb65px\u00bb icon_alignment=\u00bbleft\u00bb _builder_version=\u00bb4.27.4&#8243; _module_preset=\u00bbdefault\u00bb header_font=\u00bb|700|||||||\u00bb header_text_color=\u00bb#182B3B\u00bb header_font_size=\u00bb17px\u00bb global_colors_info=\u00bb{}\u00bb]<\/p>\n<p>Reduzca los residuos y optimice los recursos dando una segunda vida a sus excedentes.<\/p>\n<p>[\/et_pb_blurb][\/et_pb_column][et_pb_column type=\u00bb1_4&#8243; _builder_version=\u00bb4.27.4&#8243; _module_preset=\u00bbdefault\u00bb global_colors_info=\u00bb{}\u00bb][et_pb_blurb title=\u00bbPara todo tipo de excedentes\u00bb use_icon=\u00bbon\u00bb font_icon=\u00bb&#x52;||divi||400&#8243; icon_color=\u00bb#20B2AA\u00bb image_icon_width=\u00bb65px\u00bb icon_alignment=\u00bbleft\u00bb _builder_version=\u00bb4.27.4&#8243; _module_preset=\u00bbdefault\u00bb header_font=\u00bb|700|||||||\u00bb header_text_color=\u00bb#182B3B\u00bb header_font_size=\u00bb17px\u00bb global_colors_info=\u00bb{}\u00bb]<\/p>\n<p>Nos ocupamos de las mercanc\u00edas da\u00f1adas, los errores de producci\u00f3n y los restos de existencias con un enfoque profesional y eficaz.<\/p>\n<p>[\/et_pb_blurb][\/et_pb_column][et_pb_column type=\u00bb1_4&#8243; _builder_version=\u00bb4.27.4&#8243; _module_preset=\u00bbdefault\u00bb global_colors_info=\u00bb{}\u00bb][et_pb_blurb title=\u00bbProceso r\u00e1pido y sin complicaciones\u00bb use_icon=\u00bbon\u00bb font_icon=\u00bb&#x52;||divi||400&#8243; icon_color=\u00bb#20B2AA\u00bb image_icon_width=\u00bb65px\u00bb icon_alignment=\u00bbleft\u00bb _builder_version=\u00bb4.27.4&#8243; _module_preset=\u00bbdefault\u00bb header_font=\u00bb|700|||||||\u00bb header_text_color=\u00bb#182B3B\u00bb header_font_size=\u00bb17px\u00bb global_colors_info=\u00bb{}\u00bb]<\/p>\n<p>Nuestro enfoque racionalizado garantiza transacciones r\u00e1pidas y un papeleo m\u00ednimo.<\/p>\n<p>[\/et_pb_blurb][\/et_pb_column][\/et_pb_row][\/et_pb_section][et_pb_section fb_built=\u00bb1&#8243; module_id=\u00bbp\u00f3ngase en contacto con\u00bb _builder_version=\u00bb4.27.4&#8243; _module_preset=\u00bbdefault\u00bb background_color=\u00bb#BFCFD9&#8243; use_background_color_gradient=\u00bbon\u00bb background_color_gradient_type=\u00bbcircular\u00bb background_color_gradient_stops=\u00bbrgba(149,172,186,0.15) 30%|#95acba 100%\u00bb background_position_tablet=\u00bbbottom_left\u00bb background_horizontal_offset_tablet=\u00bb25%\u00bb locked=\u00bboff\u00bb global_colors_info=\u00bb{}\u00bb][et_pb_row use_custom_gutter=\u00bbon\u00bb gutter_width=\u00bb4&#8243; make_equal=\u00bbon\u00bb _builder_version=\u00bb4.27.4&#8243; _module_preset=\u00bbdefault\u00bb max_width=\u00bb800px\u00bb custom_margin=\u00bb||||false|false\u00bb custom_padding=\u00bb||||false|false\u00bb locked=\u00bboff\u00bb global_colors_info=\u00bb{}\u00bb][et_pb_column type=\u00bb4_4&#8243; _builder_version=\u00bb4.27.4&#8243; _module_preset=\u00bbdefault\u00bb global_colors_info=\u00bb{}\u00bb][et_pb_blurb image=\u00bbhttps:\/\/oceancompanyfood.com\/wp-content\/uploads\/\/2025\/02\/Blurb.svg\u00bb icon_placement=\u00bbleft\u00bb image_icon_width=\u00bb5px\u00bb content_max_width=\u00bb155px\u00bb content_max_width_tablet=\u00bb28%\u00bb content_max_width_phone=\u00bb53%\u00bb content_max_width_last_edited=\u00bboff|phone\u00bb module_class=\u00bbdm-tight-blurb2&#8243; _builder_version=\u00bb4.27.4&#8243; _module_preset=\u00bbdefault\u00bb body_font=\u00bb|800||on|||||\u00bb body_text_color=\u00bb#182B3B\u00bb body_font_size=\u00bb17px\u00bb body_letter_spacing=\u00bb2px\u00bb body_line_height=\u00bb1.4em\u00bb image_icon_custom_margin=\u00bb|||10px|false|false\u00bb image_icon_custom_padding=\u00bb||||false|false\u00bb module_alignment=\u00bbcenter\u00bb custom_margin=\u00bb||20px||false|false\u00bb custom_padding=\u00bb||||false|false\u00bb animation=\u00bboff\u00bb custom_css_main_element=\u00bbmargin-left:-10px;\u00bb global_colors_info=\u00bb{}\u00bb]<\/p>\n<p style=\"text-align: center;\">Existencias<\/p>\n<p>[\/et_pb_blurb][et_pb_text _builder_version=\u00bb4.27.4&#8243; _module_preset=\u00bbdefault\u00bb text_text_color=\u00bb#FFFFFF\u00bb text_font_size=\u00bb19px\u00bb text_line_height=\u00bb1.5em\u00bb header_font=\u00bb|800|||||||\u00bb header_text_color=\u00bb#FFFFFF\u00bb header_font_size=\u00bb48px\u00bb header_line_height=\u00bb1.1em\u00bb header_2_font=\u00bb|800|||||||\u00bb header_2_text_color=\u00bb#182B3B\u00bb header_2_font_size=\u00bb36px\u00bb header_2_line_height=\u00bb1.1em\u00bb custom_margin=\u00bb||15px||false|false\u00bb header_2_font_size_tablet=\u00bb34px\u00bb header_2_font_size_phone=\u00bb32px\u00bb header_2_font_size_last_edited=\u00bbon|phone\u00bb global_colors_info=\u00bb{}\u00bb]<\/p>\n<h2 style=\"text-align: center;\">As\u00f3ciese hoy mismo con Ocean Company<\/h2>\n<p>[\/et_pb_text][et_pb_text _builder_version=\u00bb4.27.4&#8243; _module_preset=\u00bbdefault\u00bb custom_margin=\u00bb||50px||false|false\u00bb global_colors_info=\u00bb{}\u00bb]<\/p>\n<p style=\"text-align: center;\">\u00bfBusca ingredientes alimentarios sostenibles y de alta calidad para su producci\u00f3n? Trabajemos juntos para crear soluciones inteligentes, eficientes y frescas adaptadas a sus necesidades. <\/p>\n<p>[\/et_pb_text][et_pb_button button_url=\u00bbhttps:\/\/oceancompanyfood.com\/es\/contacto\/\u00bb button_text=\u00bbP\u00f3ngase en contacto con nosotros\u00bb button_alignment=\u00bbcenter\u00bb _builder_version=\u00bb4.27.4&#8243; _module_preset=\u00bbdefault\u00bb custom_button=\u00bbon\u00bb button_text_size=\u00bb15px\u00bb button_text_color=\u00bb#FFFFFF\u00bb button_bg_color=\u00bb#20B2AA\u00bb button_border_width=\u00bb3px\u00bb button_border_color=\u00bb#20B2AA\u00bb button_border_radius=\u00bb100px\u00bb button_letter_spacing=\u00bb2px\u00bb button_font=\u00bb|800||on|||||\u00bb custom_padding=\u00bb12px|30px|12px|30px|true|true\u00bb locked=\u00bboff\u00bb global_colors_info=\u00bb{}\u00bb button_bg_color__hover_enabled=\u00bbon|desktop\u00bb button_bg_color__hover=\u00bbRGBA(255,255,255,0)\u00bb button_bg_enable_color__hover=\u00bbon\u00bb button_text_color__hover_enabled=\u00bbon|hover\u00bb button_text_color__hover=\u00bb#20B2AA\u00bb][\/et_pb_button][\/et_pb_column][\/et_pb_row][\/et_pb_section]<\/p>\n","protected":false},"excerpt":{"rendered":"<p>Empresa OceanExistenciasMaximizamos su valorEn Ocean Company estamos especializados en la compra de excedentes de productos alimentarios. Tanto si se trata de productos da\u00f1ados, como de producciones err\u00f3neas, sobras o incluso art\u00edculos caducados, estamos aqu\u00ed para ayudarle. Nuestro objetivo es maximizar el valor para usted proporcion\u00e1ndole una soluci\u00f3n para el exceso de inventario, minimizando los residuos [&hellip;]<\/p>\n","protected":false},"author":2,"featured_media":0,"parent":0,"menu_order":0,"comment_status":"closed","ping_status":"closed","template":"","meta":{"_et_pb_use_builder":"on","_et_pb_old_content":"","_et_gb_content_width":"","inline_featured_image":false,"footnotes":""},"class_list":["post-2874","page","type-page","status-publish","hentry"],"_links":{"self":[{"href":"https:\/\/oceancompanyfood.com\/es\/wp-json\/wp\/v2\/pages\/2874","targetHints":{"allow":["GET"]}}],"collection":[{"href":"https:\/\/oceancompanyfood.com\/es\/wp-json\/wp\/v2\/pages"}],"about":[{"href":"https:\/\/oceancompanyfood.com\/es\/wp-json\/wp\/v2\/types\/page"}],"author":[{"embeddable":true,"href":"https:\/\/oceancompanyfood.com\/es\/wp-json\/wp\/v2\/users\/2"}],"replies":[{"embeddable":true,"href":"https:\/\/oceancompanyfood.com\/es\/wp-json\/wp\/v2\/comments?post=2874"}],"version-history":[{"count":8,"href":"https:\/\/oceancompanyfood.com\/es\/wp-json\/wp\/v2\/pages\/2874\/revisions"}],"predecessor-version":[{"id":4730,"href":"https:\/\/oceancompanyfood.com\/es\/wp-json\/wp\/v2\/pages\/2874\/revisions\/4730"}],"wp:attachment":[{"href":"https:\/\/oceancompanyfood.com\/es\/wp-json\/wp\/v2\/media?parent=2874"}],"curies":[{"name":"wp","href":"https:\/\/api.w.org\/{rel}","templated":true}]}}