{"id":2868,"date":"2025-03-13T12:44:47","date_gmt":"2025-03-13T12:44:47","guid":{"rendered":"https:\/\/oceancompanyfood.com\/quienes-somos\/"},"modified":"2026-01-22T13:13:51","modified_gmt":"2026-01-22T13:13:51","slug":"quienes-somos","status":"publish","type":"page","link":"https:\/\/oceancompanyfood.com\/es\/quienes-somos\/","title":{"rendered":"Qui\u00e9nes somos"},"content":{"rendered":"<p>[et_pb_section fb_built=\u00bb1&#8243; custom_padding_last_edited=\u00bbon|tablet\u00bb next_background_color=\u00bb#ffffff\u00bb admin_label=\u00bbsection\u00bb _builder_version=\u00bb4.27.4&#8243; background_enable_color=\u00bboff\u00bb use_background_color_gradient=\u00bbon\u00bb background_color_gradient_stops=\u00bb#182b3b 0%|rgba(24,43,59,0.5) 100%\u00bb background_image=\u00bbhttps:\/\/oceancompanyfood.com\/wp-content\/uploads\/2025\/02\/Ocean-Ingredients-header-1920-x-1080.jpg\u00bb background_blend=\u00bbexclusion\u00bb custom_margin=\u00bb||||false|false\u00bb custom_padding=\u00bb8.5vw||2.5vw||false|false\u00bb custom_padding_tablet=\u00bb35vw||||false|false\u00bb custom_padding_phone=\u00bb58vw||||false|false\u00bb bottom_divider_style=\u00bbwave\u00bb bottom_divider_height=\u00bb3.5vw\u00bb background_last_edited=\u00bbon|desktop\u00bb background_size_phone=\u00bbcover\u00bb background_position_tablet=\u00bbbottom_right\u00bb background_position_phone=\u00bbbottom_right\u00bb locked=\u00bboff\u00bb global_colors_info=\u00bb{}\u00bb][et_pb_row _builder_version=\u00bb4.27.4&#8243; _module_preset=\u00bbdefault\u00bb global_colors_info=\u00bb{}\u00bb][et_pb_column type=\u00bb4_4&#8243; _builder_version=\u00bb4.27.4&#8243; _module_preset=\u00bbdefault\u00bb global_colors_info=\u00bb{}\u00bb][et_pb_blurb image=\u00bbhttps:\/\/oceancompanyfood.com\/wp-content\/uploads\/\/2025\/02\/Blurb.svg\u00bb icon_placement=\u00bbleft\u00bb image_icon_width=\u00bb5px\u00bb content_max_width=\u00bb210px\u00bb content_max_width_tablet=\u00bb32%\u00bb content_max_width_phone=\u00bb66%\u00bb content_max_width_last_edited=\u00bboff|desktop\u00bb module_class=\u00bbdm-tight-blurb2&#8243; _builder_version=\u00bb4.27.4&#8243; _module_preset=\u00bbdefault\u00bb body_font=\u00bb|800||on|||||\u00bb body_text_color=\u00bb#FFFFFF\u00bb body_font_size=\u00bb17px\u00bb body_letter_spacing=\u00bb2px\u00bb body_line_height=\u00bb1.4em\u00bb image_icon_custom_margin=\u00bb|||10px|false|false\u00bb image_icon_custom_padding=\u00bb||||false|false\u00bb module_alignment=\u00bbcenter\u00bb custom_margin=\u00bb||20px||false|false\u00bb custom_padding=\u00bb||||false|false\u00bb animation=\u00bboff\u00bb custom_css_main_element=\u00bbmargin-left:-10px;\u00bb locked=\u00bboff\u00bb global_colors_info=\u00bb{}\u00bb]<\/p>\n<p style=\"text-align: center;\">Empresa Ocean<\/p>\n<p>[\/et_pb_blurb][et_pb_heading title=\u00bb@ET-DC@eyJkeW5hbWljIjp0cnVlLCJjb250ZW50IjoicG9zdF90aXRsZSIsInNldHRpbmdzIjp7ImJlZm9yZSI6IiIsImFmdGVyIjoiIn19@\u00bb _builder_version=\u00bb4.27.5&#8243; _dynamic_attributes=\u00bbtitle\u00bb _module_preset=\u00bbdefault\u00bb title_font=\u00bb|800|||||||\u00bb title_text_align=\u00bbcenter\u00bb title_text_color=\u00bb#FFFFFF\u00bb title_font_size=\u00bb44px\u00bb title_line_height=\u00bb1.1em\u00bb custom_margin=\u00bb||20px||false|false\u00bb title_font_size_tablet=\u00bb40px\u00bb title_font_size_phone=\u00bb36px\u00bb title_font_size_last_edited=\u00bbon|phone\u00bb locked=\u00bboff\u00bb global_colors_info=\u00bb{}\u00bb title_2_font_size_tablet=\u00bb34px\u00bb title_2_font_size_phone=\u00bb32px\u00bb title_2_font_size_last_edited=\u00bbon|tablet\u00bb][\/et_pb_heading][\/et_pb_column][\/et_pb_row][\/et_pb_section][et_pb_section fb_built=\u00bb1&#8243; _builder_version=\u00bb4.27.4&#8243; _module_preset=\u00bbdefault\u00bb use_background_color_gradient=\u00bbon\u00bb background_color_gradient_stops=\u00bb#ffffff 0%|rgba(255,255,255,0.6) 100%\u00bb background_image=\u00bbhttps:\/\/oceancompanyfood.com\/wp-content\/uploads\/2025\/02\/BG1.jpg\u00bb background_blend=\u00bboverlay\u00bb global_colors_info=\u00bb{}\u00bb][et_pb_row column_structure=\u00bb1_2,1_2&#8243; use_custom_gutter=\u00bbon\u00bb gutter_width=\u00bb4&#8243; make_equal=\u00bbon\u00bb _builder_version=\u00bb4.27.4&#8243; _module_preset=\u00bbdefault\u00bb global_colors_info=\u00bb{}\u00bb custom_css_main_element_last_edited=\u00bbon|tablet\u00bb custom_css_main_element_phone=\u00bbflex-direction: column-reverse;||display:flex;\u00bb custom_css_main_element_tablet=\u00bbflex-direction: column-reverse;||display:flex;\u00bb][et_pb_column type=\u00bb1_2&#8243; _builder_version=\u00bb4.27.4&#8243; _module_preset=\u00bbdefault\u00bb custom_css_main_element=\u00bbmargin:auto;\u00bb global_colors_info=\u00bb{}\u00bb][et_pb_blurb image=\u00bbhttps:\/\/oceancompanyfood.com\/wp-content\/uploads\/\/2025\/02\/Blurb.svg\u00bb icon_placement=\u00bbleft\u00bb image_icon_width=\u00bb5px\u00bb content_max_width=\u00bb100%\u00bb module_class=\u00bbdm-tight-blurb2&#8243; _builder_version=\u00bb4.27.4&#8243; _module_preset=\u00bbdefault\u00bb body_font=\u00bb|800||on|||||\u00bb body_text_color=\u00bb#182B3B\u00bb body_font_size=\u00bb17px\u00bb body_letter_spacing=\u00bb2px\u00bb body_line_height=\u00bb1.4em\u00bb image_icon_custom_margin=\u00bb|||10px|false|false\u00bb image_icon_custom_padding=\u00bb||||false|false\u00bb module_alignment=\u00bbleft\u00bb custom_margin=\u00bb||20px||false|false\u00bb custom_padding=\u00bb||||false|false\u00bb animation=\u00bboff\u00bb custom_css_main_element=\u00bbmargin-left:-10px;\u00bb locked=\u00bboff\u00bb global_colors_info=\u00bb{}\u00bb]<\/p>\n<p>Qui\u00e9nes somos<\/p>\n<p>[\/et_pb_blurb][et_pb_text _builder_version=\u00bb4.27.4&#8243; _module_preset=\u00bbdefault\u00bb text_text_color=\u00bb#FFFFFF\u00bb text_font_size=\u00bb19px\u00bb text_line_height=\u00bb1.5em\u00bb header_font=\u00bb|800|||||||\u00bb header_text_color=\u00bb#FFFFFF\u00bb header_font_size=\u00bb48px\u00bb header_line_height=\u00bb1.1em\u00bb header_2_font=\u00bb|800|||||||\u00bb header_2_text_color=\u00bb#182B3B\u00bb header_2_font_size=\u00bb36px\u00bb header_2_line_height=\u00bb1.1em\u00bb custom_margin=\u00bb||15px||false|false\u00bb header_2_font_size_tablet=\u00bb34px\u00bb header_2_font_size_phone=\u00bb32px\u00bb header_2_font_size_last_edited=\u00bbon|tablet\u00bb locked=\u00bboff\u00bb global_colors_info=\u00bb{}\u00bb]<\/p>\n<h2>De peque\u00f1os comienzos a l\u00edder del sector<\/h2>\n<p>[\/et_pb_text][et_pb_text _builder_version=\u00bb4.27.4&#8243; _module_preset=\u00bbdefault\u00bb global_colors_info=\u00bb{}\u00bb]<\/p>\n<p><strong>En Ocean Company, creemos en la creaci\u00f3n de valor en cada comida. Desde nuestros inicios en 2015, nos hemos dedicado a producir Ingredientes Alimenticios de alta calidad <\/strong>. Lo que empez\u00f3 como una peque\u00f1a iniciativa despeg\u00f3 en 2017 y, hoy en d\u00eda, contamos con unas instalaciones de producci\u00f3n de alta calidad alimentaria de m\u00e1s de 1600 m\u00b2. En 2025, trabajamos con orgullo con un equipo de m\u00e1s de 45 empleados, esforz\u00e1ndonos continuamente por optimizar nuestros procesos y suministrar ingredientes de primera calidad a la industria alimentaria. <\/p>\n<p>Gracias a nuestro enfoque innovador, recogemos subproductos directamente de las empresas de fileteado varias veces al d\u00eda, lo que garantiza un flujo continuo de materias primas frescas. Los productos se procesan inmediatamente en condiciones de calidad alimentaria y se congelan el mismo d\u00eda, preservando su calidad con la m\u00e1xima frescura. Desde la recogida hasta la entrega final, cada paso -transporte, manipulaci\u00f3n y procesamiento- se realiza en condiciones de refrigeraci\u00f3n estrictamente controladas para garantizar la m\u00e1xima frescura y seguridad.  <\/p>\n<p>[\/et_pb_text][et_pb_button button_url=\u00bb#sobrenosotros\u00bb button_text=\u00bbSeguir leyendo\u00bb _builder_version=\u00bb4.27.4&#8243; _module_preset=\u00bbdefault\u00bb custom_button=\u00bbon\u00bb button_text_size=\u00bb15px\u00bb button_text_color=\u00bb#FFFFFF\u00bb button_bg_color=\u00bb#20B2AA\u00bb button_border_width=\u00bb3px\u00bb button_border_color=\u00bb#20B2AA\u00bb button_border_radius=\u00bb100px\u00bb button_letter_spacing=\u00bb2px\u00bb button_font=\u00bb|800||on|||||\u00bb custom_padding=\u00bb12px|30px|12px|30px|true|true\u00bb locked=\u00bboff\u00bb global_colors_info=\u00bb{}\u00bb button_bg_color__hover_enabled=\u00bbon|desktop\u00bb button_bg_color__hover=\u00bbRGBA(255,255,255,0)\u00bb button_bg_enable_color__hover=\u00bbon\u00bb button_text_color__hover_enabled=\u00bbon|hover\u00bb button_text_color__hover=\u00bb#20B2AA\u00bb][\/et_pb_button][\/et_pb_column][et_pb_column type=\u00bb1_2&#8243; _builder_version=\u00bb4.27.4&#8243; _module_preset=\u00bbdefault\u00bb custom_css_main_element=\u00bbmargin:auto;\u00bb global_colors_info=\u00bb{}\u00bb][et_pb_image src=\u00bbhttps:\/\/oceancompanyfood.com\/wp-content\/uploads\/2025\/04\/foto-pand-2.jpg\u00bb _builder_version=\u00bb4.27.4&#8243; _module_preset=\u00bbdefault\u00bb custom_margin_tablet=\u00bb||30px||false|false\u00bb custom_margin_phone=\u00bb||30px||false|false\u00bb custom_margin_last_edited=\u00bbon|tablet\u00bb animation_style=\u00bbslide\u00bb animation_direction=\u00bbbottom\u00bb image_aspect_ratio=\u00bb4\/3&#8243; border_radii=\u00bbon|25px|25px|25px|25px\u00bb locked=\u00bboff\u00bb global_colors_info=\u00bb{}\u00bb][\/et_pb_image][\/et_pb_column][\/et_pb_row][\/et_pb_section][et_pb_section fb_built=\u00bb1&#8243; module_id=\u00bbsobrenosotros\u00bb _builder_version=\u00bb4.27.4&#8243; _module_preset=\u00bbdefault\u00bb use_background_color_gradient=\u00bbon\u00bb background_color_gradient_stops=\u00bb#ffffff 0%|rgba(255,255,255,0) 70%\u00bb background_image=\u00bbhttps:\/\/oceancompanyfood.com\/wp-content\/uploads\/\/2025\/02\/BG-Def-1.svg\u00bb background_blend=\u00bblighten\u00bb background_last_edited=\u00bbon|tablet\u00bb background_position_tablet=\u00bbbottom_left\u00bb background_horizontal_offset_tablet=\u00bb25%\u00bb locked=\u00bboff\u00bb global_colors_info=\u00bb{}\u00bb][et_pb_row column_structure=\u00bb1_2,1_2&#8243; use_custom_gutter=\u00bbon\u00bb gutter_width=\u00bb4&#8243; make_equal=\u00bbon\u00bb _builder_version=\u00bb4.27.4&#8243; _module_preset=\u00bbdefault\u00bb global_colors_info=\u00bb{}\u00bb][et_pb_column type=\u00bb1_2&#8243; _builder_version=\u00bb4.27.4&#8243; _module_preset=\u00bbdefault\u00bb global_colors_info=\u00bb{}\u00bb][et_pb_image src=\u00bbhttps:\/\/oceancompanyfood.com\/wp-content\/uploads\/2025\/03\/About-us.jpg\u00bb _builder_version=\u00bb4.27.4&#8243; _module_preset=\u00bbdefault\u00bb animation_style=\u00bbslide\u00bb animation_direction=\u00bbbottom\u00bb image_aspect_ratio=\u00bb4\/3&#8243; border_radii=\u00bbon|25px|25px|25px|25px\u00bb locked=\u00bboff\u00bb global_colors_info=\u00bb{}\u00bb][\/et_pb_image][\/et_pb_column][et_pb_column type=\u00bb1_2&#8243; _builder_version=\u00bb4.27.4&#8243; _module_preset=\u00bbdefault\u00bb custom_css_main_element=\u00bbmargin:auto;\u00bb global_colors_info=\u00bb{}\u00bb][et_pb_blurb image=\u00bbhttps:\/\/oceancompanyfood.com\/wp-content\/uploads\/\/2025\/02\/Blurb.svg\u00bb icon_placement=\u00bbleft\u00bb image_icon_width=\u00bb5px\u00bb content_max_width=\u00bb100%\u00bb module_class=\u00bbdm-tight-blurb2&#8243; _builder_version=\u00bb4.27.4&#8243; _module_preset=\u00bbdefault\u00bb body_font=\u00bb|800||on|||||\u00bb body_text_color=\u00bb#182B3B\u00bb body_font_size=\u00bb17px\u00bb body_letter_spacing=\u00bb2px\u00bb body_line_height=\u00bb1.4em\u00bb image_icon_custom_margin=\u00bb|||10px|false|false\u00bb image_icon_custom_padding=\u00bb||||false|false\u00bb module_alignment=\u00bbleft\u00bb custom_margin=\u00bb||20px||false|false\u00bb custom_padding=\u00bb||||false|false\u00bb animation=\u00bboff\u00bb custom_css_main_element=\u00bbmargin-left:-10px;\u00bb locked=\u00bboff\u00bb global_colors_info=\u00bb{}\u00bb]<\/p>\n<p>Qui\u00e9nes somos<\/p>\n<p>[\/et_pb_blurb][et_pb_text _builder_version=\u00bb4.27.4&#8243; _module_preset=\u00bbdefault\u00bb text_text_color=\u00bb#FFFFFF\u00bb text_font_size=\u00bb19px\u00bb text_line_height=\u00bb1.5em\u00bb header_font=\u00bb|800|||||||\u00bb header_text_color=\u00bb#FFFFFF\u00bb header_font_size=\u00bb48px\u00bb header_line_height=\u00bb1.1em\u00bb header_2_font=\u00bb|800|||||||\u00bb header_2_text_color=\u00bb#182B3B\u00bb header_2_font_size=\u00bb36px\u00bb header_2_line_height=\u00bb1.1em\u00bb custom_margin=\u00bb||15px||false|false\u00bb header_2_font_size_tablet=\u00bb34px\u00bb header_2_font_size_phone=\u00bb32px\u00bb header_2_font_size_last_edited=\u00bbon|tablet\u00bb locked=\u00bboff\u00bb global_colors_info=\u00bb{}\u00bb]<\/p>\n<h2>Procesado sostenible, fresco e inteligente<\/h2>\n<p>[\/et_pb_text][et_pb_text _builder_version=\u00bb4.27.4&#8243; _module_preset=\u00bbdefault\u00bb global_colors_info=\u00bb{}\u00bb]<\/p>\n<p><strong>Estamos especializados en la producci\u00f3n de productos semiacabados de alta calidad, como carne de raspa de salm\u00f3n, as\u00ed como formatos picados y estructurados como cubos, disponibles tanto de salm\u00f3n como de bacalao<\/strong>. Gracias a nuestra experiencia en el procesado de alimentos, proporcionamos ingredientes alimentarios vers\u00e1tiles que se integran a la perfecci\u00f3n en una gran variedad de aplicaciones, garantizando consistencia, calidad y eficiencia a nuestros clientes. <\/p>\n<p>En Ocean Company, nos centramos en ofrecer ingredientes alimentarios de alta calidad que constituyan una alternativa rentable sin comprometer la calidad. Al maximizar el valor de cada parte del pescado, ofrecemos una soluci\u00f3n inteligente y eficiente para los fabricantes de alimentos que buscan optimizar su producci\u00f3n manteniendo altos est\u00e1ndares. Con nuestro compromiso de Crear valor en cada comida, nos aseguramos de que nuestros ingredientes ofrezcan tanto fiabilidad como asequibilidad en la industria alimentaria.  <\/p>\n<p>[\/et_pb_text][et_pb_button button_url=\u00bbhttps:\/\/oceancompanyfood.com\/es\/sostenibilidad\/\u00bb button_text=\u00bbSostenibilidad\u00bb _builder_version=\u00bb4.27.4&#8243; _module_preset=\u00bbdefault\u00bb custom_button=\u00bbon\u00bb button_text_size=\u00bb15px\u00bb button_text_color=\u00bb#FFFFFF\u00bb button_bg_color=\u00bb#20B2AA\u00bb button_border_width=\u00bb3px\u00bb button_border_color=\u00bb#20B2AA\u00bb button_border_radius=\u00bb100px\u00bb button_letter_spacing=\u00bb2px\u00bb button_font=\u00bb|800||on|||||\u00bb custom_padding=\u00bb12px|30px|12px|30px|true|true\u00bb locked=\u00bboff\u00bb global_colors_info=\u00bb{}\u00bb button_bg_color__hover_enabled=\u00bbon|desktop\u00bb button_bg_color__hover=\u00bbRGBA(255,255,255,0)\u00bb button_bg_enable_color__hover=\u00bbon\u00bb button_text_color__hover_enabled=\u00bbon|hover\u00bb button_text_color__hover=\u00bb#20B2AA\u00bb][\/et_pb_button][\/et_pb_column][\/et_pb_row][\/et_pb_section][et_pb_section fb_built=\u00bb1&#8243; module_id=\u00bbcontact\u00bb _builder_version=\u00bb4.27.4&#8243; _module_preset=\u00bbdefault\u00bb background_color=\u00bb#BFCFD9&#8243; use_background_color_gradient=\u00bbon\u00bb background_color_gradient_type=\u00bbcircular\u00bb background_color_gradient_stops=\u00bbrgba(149,172,186,0.15) 30%|#95acba 100%\u00bb background_position_tablet=\u00bbbottom_left\u00bb background_horizontal_offset_tablet=\u00bb25%\u00bb locked=\u00bboff\u00bb global_colors_info=\u00bb{}\u00bb][et_pb_row use_custom_gutter=\u00bbon\u00bb gutter_width=\u00bb4&#8243; make_equal=\u00bbon\u00bb module_class=\u00bbp\u00bb _builder_version=\u00bb4.27.4&#8243; _module_preset=\u00bbdefault\u00bb max_width=\u00bb800px\u00bb custom_margin=\u00bb||||false|false\u00bb custom_padding=\u00bb||||false|false\u00bb locked=\u00bboff\u00bb global_colors_info=\u00bb{}\u00bb][et_pb_column type=\u00bb4_4&#8243; module_class=\u00bbpa-inline-buttons2&#8243; _builder_version=\u00bb4.27.4&#8243; _module_preset=\u00bbdefault\u00bb global_colors_info=\u00bb{}\u00bb][et_pb_blurb image=\u00bbhttps:\/\/oceancompanyfood.com\/wp-content\/uploads\/\/2025\/02\/Blurb.svg\u00bb icon_placement=\u00bbleft\u00bb image_icon_width=\u00bb5px\u00bb content_max_width=\u00bb380px\u00bb content_max_width_tablet=\u00bb28%\u00bb content_max_width_phone=\u00bb53%\u00bb content_max_width_last_edited=\u00bboff|phone\u00bb module_class=\u00bbdm-tight-blurb2&#8243; _builder_version=\u00bb4.27.4&#8243; _module_preset=\u00bbdefault\u00bb body_font=\u00bb|800||on|||||\u00bb body_text_color=\u00bb#182B3B\u00bb body_font_size=\u00bb17px\u00bb body_letter_spacing=\u00bb2px\u00bb body_line_height=\u00bb1.4em\u00bb image_icon_custom_margin=\u00bb|||10px|false|false\u00bb image_icon_custom_padding=\u00bb||||false|false\u00bb module_alignment=\u00bbcenter\u00bb custom_margin=\u00bb||20px||false|false\u00bb custom_padding=\u00bb||||false|false\u00bb animation=\u00bboff\u00bb custom_css_main_element=\u00bbmargin-left:-10px;\u00bb global_colors_info=\u00bb{}\u00bb]<\/p>\n<p style=\"text-align: center;\">Dos sectores, un solo enfoque<\/p>\n<p>[\/et_pb_blurb][et_pb_text _builder_version=\u00bb4.27.4&#8243; _module_preset=\u00bbdefault\u00bb text_text_color=\u00bb#FFFFFF\u00bb text_font_size=\u00bb19px\u00bb text_line_height=\u00bb1.5em\u00bb header_font=\u00bb|800|||||||\u00bb header_text_color=\u00bb#FFFFFF\u00bb header_font_size=\u00bb48px\u00bb header_line_height=\u00bb1.1em\u00bb header_2_font=\u00bb|800|||||||\u00bb header_2_text_color=\u00bb#182B3B\u00bb header_2_font_size=\u00bb36px\u00bb header_2_line_height=\u00bb1.1em\u00bb custom_margin=\u00bb||15px||false|false\u00bb header_2_font_size_tablet=\u00bb34px\u00bb header_2_font_size_phone=\u00bb32px\u00bb header_2_font_size_last_edited=\u00bbon|phone\u00bb global_colors_info=\u00bb{}\u00bb]<\/p>\n<h2 style=\"text-align: center;\">Ocean Company opera en dos sectores especializados: alimentaci\u00f3n y nutrici\u00f3n para mascotas.<\/h2>\n<p>[\/et_pb_text][et_pb_text _builder_version=\u00bb4.27.4&#8243; _module_preset=\u00bbdefault\u00bb custom_margin=\u00bb||50px||false|false\u00bb global_colors_info=\u00bb{}\u00bb]<\/p>\n<p data-start=\"1888\" data-end=\"2283\" style=\"text-align: center;\">Suministramos ingredientes de mariscos de alta calidad tanto para el consumo humano como para la alimentaci\u00f3n animal. Ya sea que desarrolles productos deliciosos para personas o recetas innovadoras para animales, ofrecemos soluciones adaptadas a tu industria.<\/p>\n<p>[\/et_pb_text][et_pb_button button_url=\u00bbhttps:\/\/oceancompanyfood.com\/es\/\u00bb url_new_window=\u00bbon\u00bb button_text=\u00bbOcean Company Food\u00bb button_alignment=\u00bbcenter\u00bb button_alignment_tablet=\u00bbcenter\u00bb button_alignment_phone=\u00bbcenter\u00bb button_alignment_last_edited=\u00bbon|phone\u00bb _builder_version=\u00bb4.27.4&#8243; _module_preset=\u00bbdefault\u00bb custom_button=\u00bbon\u00bb button_text_size=\u00bb15px\u00bb button_text_color=\u00bb#FFFFFF\u00bb button_bg_color=\u00bb#20B2AA\u00bb button_border_width=\u00bb3px\u00bb button_border_color=\u00bb#20B2AA\u00bb button_border_radius=\u00bb100px\u00bb button_letter_spacing=\u00bb2px\u00bb button_font=\u00bb|800||on|||||\u00bb custom_margin=\u00bb|20px|||false|false\u00bb custom_margin_tablet=\u00bb|20px|||false|false\u00bb custom_margin_phone=\u00bb|0px|||false|false\u00bb custom_margin_last_edited=\u00bbon|tablet\u00bb custom_padding=\u00bb12px|30px|12px|30px|true|true\u00bb locked=\u00bboff\u00bb global_colors_info=\u00bb{}\u00bb button_bg_color__hover_enabled=\u00bbon|desktop\u00bb button_bg_color__hover=\u00bbRGBA(255,255,255,0)\u00bb button_bg_enable_color__hover=\u00bbon\u00bb button_text_color__hover_enabled=\u00bbon|hover\u00bb button_text_color__hover=\u00bb#20B2AA\u00bb][\/et_pb_button][et_pb_button button_url=\u00bbhttps:\/\/oceancompanypetfood.com\/es\/\u00bb url_new_window=\u00bbon\u00bb button_text=\u00bbOcean Company Petfood\u00bb button_alignment=\u00bbcenter\u00bb _builder_version=\u00bb4.27.4&#8243; _module_preset=\u00bbdefault\u00bb custom_button=\u00bbon\u00bb button_text_size=\u00bb15px\u00bb button_text_color=\u00bb#FFFFFF\u00bb button_bg_color=\u00bb#F2756B\u00bb button_border_width=\u00bb3px\u00bb button_border_color=\u00bb#F2756B\u00bb button_border_radius=\u00bb100px\u00bb button_letter_spacing=\u00bb2px\u00bb button_font=\u00bb|800||on|||||\u00bb custom_padding=\u00bb12px|30px|12px|30px|true|true\u00bb locked=\u00bboff\u00bb global_colors_info=\u00bb{}\u00bb button_bg_color__hover_enabled=\u00bbon|desktop\u00bb button_bg_color__hover=\u00bbRGBA(255,255,255,0)\u00bb button_bg_enable_color__hover=\u00bbon\u00bb button_text_color__hover_enabled=\u00bbon|hover\u00bb button_text_color__hover=\u00bb#F2756B\u00bb][\/et_pb_button][\/et_pb_column][\/et_pb_row][\/et_pb_section]<\/p>\n","protected":false},"excerpt":{"rendered":"<p>Empresa OceanQui\u00e9nes somosDe peque\u00f1os comienzos a l\u00edder del sectorEn Ocean Company, creemos en la creaci\u00f3n de valor en cada comida. Desde nuestros inicios en 2015, nos hemos dedicado a producir Ingredientes Alimenticios de alta calidad . Lo que empez\u00f3 como una peque\u00f1a iniciativa despeg\u00f3 en 2017 y, hoy en d\u00eda, contamos con unas instalaciones de [&hellip;]<\/p>\n","protected":false},"author":2,"featured_media":0,"parent":0,"menu_order":0,"comment_status":"closed","ping_status":"closed","template":"","meta":{"_et_pb_use_builder":"on","_et_pb_old_content":"","_et_gb_content_width":"","inline_featured_image":false,"footnotes":""},"class_list":["post-2868","page","type-page","status-publish","hentry"],"_links":{"self":[{"href":"https:\/\/oceancompanyfood.com\/es\/wp-json\/wp\/v2\/pages\/2868","targetHints":{"allow":["GET"]}}],"collection":[{"href":"https:\/\/oceancompanyfood.com\/es\/wp-json\/wp\/v2\/pages"}],"about":[{"href":"https:\/\/oceancompanyfood.com\/es\/wp-json\/wp\/v2\/types\/page"}],"author":[{"embeddable":true,"href":"https:\/\/oceancompanyfood.com\/es\/wp-json\/wp\/v2\/users\/2"}],"replies":[{"embeddable":true,"href":"https:\/\/oceancompanyfood.com\/es\/wp-json\/wp\/v2\/comments?post=2868"}],"version-history":[{"count":12,"href":"https:\/\/oceancompanyfood.com\/es\/wp-json\/wp\/v2\/pages\/2868\/revisions"}],"predecessor-version":[{"id":4725,"href":"https:\/\/oceancompanyfood.com\/es\/wp-json\/wp\/v2\/pages\/2868\/revisions\/4725"}],"wp:attachment":[{"href":"https:\/\/oceancompanyfood.com\/es\/wp-json\/wp\/v2\/media?parent=2868"}],"curies":[{"name":"wp","href":"https:\/\/api.w.org\/{rel}","templated":true}]}}