{"id":2620,"date":"2025-03-13T12:44:47","date_gmt":"2025-03-13T12:44:47","guid":{"rendered":"https:\/\/oceancompanyfood.com\/ueber-uns\/"},"modified":"2026-01-22T09:52:42","modified_gmt":"2026-01-22T09:52:42","slug":"ueber-uns","status":"publish","type":"page","link":"https:\/\/oceancompanyfood.com\/de\/ueber-uns\/","title":{"rendered":"\u00dcber uns"},"content":{"rendered":"<p>[et_pb_section fb_built=&#8220;1&#8243; custom_padding_last_edited=&#8220;on|tablet&#8220; next_background_color=&#8220;#ffffff&#8220; admin_label=&#8220;section&#8220; _builder_version=&#8220;4.27.4&#8243; background_enable_color=&#8220;off&#8220; use_background_color_gradient=&#8220;on&#8220; background_color_gradient_stops=&#8220;#182b3b 0%|rgba(24,43,59,0.5) 100%&#8220; background_image=&#8220;https:\/\/oceancompanyfood.com\/wp-content\/uploads\/2025\/02\/Ocean-Ingredients-header-1920-x-1080.jpg&#8220; background_blend=&#8220;exclusion&#8220; custom_margin=&#8220;||||false|false&#8220; custom_padding=&#8220;8.5vw||2.5vw||false|false&#8220; custom_padding_tablet=&#8220;35vw||||false|false&#8220; custom_padding_phone=&#8220;58vw||||false|false&#8220; bottom_divider_style=&#8220;wave&#8220; bottom_divider_height=&#8220;3.5vw&#8220; background_last_edited=&#8220;on|desktop&#8220; background_size_phone=&#8220;cover&#8220; background_position_tablet=&#8220;bottom_right&#8220; background_position_phone=&#8220;bottom_right&#8220; locked=&#8220;off&#8220; global_colors_info=&#8220;{}&#8220;][et_pb_row _builder_version=&#8220;4.27.4&#8243; _module_preset=&#8220;default&#8220; global_colors_info=&#8220;{}&#8220;][et_pb_column type=&#8220;4_4&#8243; _builder_version=&#8220;4.27.4&#8243; _module_preset=&#8220;default&#8220; global_colors_info=&#8220;{}&#8220;][et_pb_blurb image=&#8220;https:\/\/oceancompanyfood.com\/wp-content\/uploads\/\/2025\/02\/Blurb.svg&#8220; icon_placement=&#8220;left&#8220; image_icon_width=&#8220;5px&#8220; content_max_width=&#8220;210px&#8220; content_max_width_tablet=&#8220;32%&#8220; content_max_width_phone=&#8220;66%&#8220; content_max_width_last_edited=&#8220;off|desktop&#8220; module_class=&#8220;dm-tight-blurb2&#8243; _builder_version=&#8220;4.27.4&#8243; _module_preset=&#8220;default&#8220; body_font=&#8220;|800||on|||||&#8220; body_text_color=&#8220;#FFFFFF&#8220; body_font_size=&#8220;17px&#8220; body_letter_spacing=&#8220;2px&#8220; body_line_height=&#8220;1.4em&#8220; image_icon_custom_margin=&#8220;|||10px|false|false&#8220; image_icon_custom_padding=&#8220;||||false|false&#8220; module_alignment=&#8220;center&#8220; custom_margin=&#8220;||20px||false|false&#8220; custom_padding=&#8220;||||false|false&#8220; animation=&#8220;off&#8220; custom_css_main_element=&#8220;margin-left:-10px;&#8220; locked=&#8220;off&#8220; global_colors_info=&#8220;{}&#8220;]<\/p>\n<p style=\"text-align: center;\">Ocean Company<\/p>\n<p>[\/et_pb_blurb][et_pb_heading title=&#8220;@ET-DC@eyJkeW5hbWljIjp0cnVlLCJjb250ZW50IjoicG9zdF90aXRsZSIsInNldHRpbmdzIjp7ImJlZm9yZSI6IiIsImFmdGVyIjoiIn19@&#8220; _builder_version=&#8220;4.27.5&#8243; _dynamic_attributes=&#8220;title&#8220; _module_preset=&#8220;default&#8220; title_font=&#8220;|800|||||||&#8220; title_text_align=&#8220;center&#8220; title_text_color=&#8220;#FFFFFF&#8220; title_font_size=&#8220;44px&#8220; title_line_height=&#8220;1.1em&#8220; custom_margin=&#8220;||20px||false|false&#8220; hover_enabled=&#8220;0&#8243; title_font_size_tablet=&#8220;40px&#8220; title_font_size_phone=&#8220;36px&#8220; title_font_size_last_edited=&#8220;on|phone&#8220; locked=&#8220;off&#8220; global_colors_info=&#8220;{}&#8220; title_2_font_size_tablet=&#8220;34px&#8220; title_2_font_size_phone=&#8220;32px&#8220; title_2_font_size_last_edited=&#8220;on|tablet&#8220; sticky_enabled=&#8220;0&#8243;][\/et_pb_heading][\/et_pb_column][\/et_pb_row][\/et_pb_section][et_pb_section fb_built=&#8220;1&#8243; _builder_version=&#8220;4.27.4&#8243; _module_preset=&#8220;default&#8220; use_background_color_gradient=&#8220;on&#8220; background_color_gradient_stops=&#8220;#ffffff 0%|rgba(255,255,255,0.6) 100%&#8220; background_image=&#8220;https:\/\/oceancompanyfood.com\/wp-content\/uploads\/2025\/02\/BG1.jpg&#8220; background_blend=&#8220;overlay&#8220; global_colors_info=&#8220;{}&#8220;][et_pb_row column_structure=&#8220;1_2,1_2&#8243; use_custom_gutter=&#8220;on&#8220; gutter_width=&#8220;4&#8243; make_equal=&#8220;on&#8220; _builder_version=&#8220;4.27.4&#8243; _module_preset=&#8220;default&#8220; global_colors_info=&#8220;{}&#8220; custom_css_main_element_last_edited=&#8220;on|tablet&#8220; custom_css_main_element_phone=&#8220;flex-direction: column-reverse;||display:flex;&#8220; custom_css_main_element_tablet=&#8220;flex-direction: column-reverse;||display:flex;&#8220;][et_pb_column type=&#8220;1_2&#8243; _builder_version=&#8220;4.27.4&#8243; _module_preset=&#8220;default&#8220; custom_css_main_element=&#8220;margin:auto;&#8220; global_colors_info=&#8220;{}&#8220;][et_pb_blurb image=&#8220;https:\/\/oceancompanyfood.com\/wp-content\/uploads\/\/2025\/02\/Blurb.svg&#8220; icon_placement=&#8220;left&#8220; image_icon_width=&#8220;5px&#8220; content_max_width=&#8220;100%&#8220; module_class=&#8220;dm-tight-blurb2&#8243; _builder_version=&#8220;4.27.4&#8243; _module_preset=&#8220;default&#8220; body_font=&#8220;|800||on|||||&#8220; body_text_color=&#8220;#182B3B&#8220; body_font_size=&#8220;17px&#8220; body_letter_spacing=&#8220;2px&#8220; body_line_height=&#8220;1.4em&#8220; image_icon_custom_margin=&#8220;|||10px|false|false&#8220; image_icon_custom_padding=&#8220;||||false|false&#8220; module_alignment=&#8220;left&#8220; custom_margin=&#8220;||20px||false|false&#8220; custom_padding=&#8220;||||false|false&#8220; animation=&#8220;off&#8220; custom_css_main_element=&#8220;margin-left:-10px;&#8220; locked=&#8220;off&#8220; global_colors_info=&#8220;{}&#8220;]<\/p>\n<p>\u00dcber uns<\/p>\n<p>[\/et_pb_blurb][et_pb_text _builder_version=&#8220;4.27.4&#8243; _module_preset=&#8220;default&#8220; text_text_color=&#8220;#FFFFFF&#8220; text_font_size=&#8220;19px&#8220; text_line_height=&#8220;1.5em&#8220; header_font=&#8220;|800|||||||&#8220; header_text_color=&#8220;#FFFFFF&#8220; header_font_size=&#8220;48px&#8220; header_line_height=&#8220;1.1em&#8220; header_2_font=&#8220;|800|||||||&#8220; header_2_text_color=&#8220;#182B3B&#8220; header_2_font_size=&#8220;36px&#8220; header_2_line_height=&#8220;1.1em&#8220; custom_margin=&#8220;||15px||false|false&#8220; header_2_font_size_tablet=&#8220;34px&#8220; header_2_font_size_phone=&#8220;32px&#8220; header_2_font_size_last_edited=&#8220;on|tablet&#8220; locked=&#8220;off&#8220; global_colors_info=&#8220;{}&#8220;]<\/p>\n<h2>Aus kleinen Anf\u00e4ngen zum Branchenf\u00fchrer<\/h2>\n<p>[\/et_pb_text][et_pb_text _builder_version=&#8220;4.27.4&#8243; _module_preset=&#8220;default&#8220; global_colors_info=&#8220;{}&#8220;]<\/p>\n<p><strong>Wir von Ocean Company glauben daran, dass jede Mahlzeit einen Mehrwert bietet. Seit unserer Gr\u00fcndung im Jahr 2015 widmen wir uns der Herstellung hochwertiger Lebensmittelzutaten <\/strong>. Was als kleine Initiative begann, nahm 2017 Fahrt auf, und heute betreiben wir eine hochgradig lebensmitteltaugliche Produktionsst\u00e4tte auf \u00fcber 1.600 m\u00b2. Im Jahr 2025 arbeiten wir mit einem Team von mehr als 45 Mitarbeitern daran, unsere Prozesse zu optimieren und hochwertige Zutaten f\u00fcr die Lebensmittelindustrie zu liefern. <\/p>\n<p>Dank unseres innovativen Konzepts sammeln wir mehrmals t\u00e4glich Nebenprodukte direkt bei den Filetierbetrieben ein und sorgen so f\u00fcr einen kontinuierlichen Fluss an frischen Rohstoffen. Die Produkte werden sofort unter lebensmitteltauglichen Bedingungen verarbeitet und noch am selben Tag eingefroren, so dass ihre Qualit\u00e4t in h\u00f6chster Frische erhalten bleibt. Von der Abholung bis zur Auslieferung erfolgt jeder Schritt &#8211; Transport, Handhabung und Verarbeitung &#8211; unter streng kontrollierten, gek\u00fchlten Bedingungen, um maximale Frische und Sicherheit zu gew\u00e4hrleisten.  <\/p>\n<p>[\/et_pb_text][et_pb_button button_url=&#8220;#ueberuns&#8220; button_text=&#8220;Mehr lesen&#8220; _builder_version=&#8220;4.27.4&#8243; _module_preset=&#8220;default&#8220; custom_button=&#8220;on&#8220; button_text_size=&#8220;15px&#8220; button_text_color=&#8220;#FFFFFF&#8220; button_bg_color=&#8220;#20B2AA&#8220; button_border_width=&#8220;3px&#8220; button_border_color=&#8220;#20B2AA&#8220; button_border_radius=&#8220;100px&#8220; button_letter_spacing=&#8220;2px&#8220; button_font=&#8220;|800||on|||||&#8220; custom_padding=&#8220;12px|30px|12px|30px|true|true&#8220; locked=&#8220;off&#8220; global_colors_info=&#8220;{}&#8220; button_bg_color__hover_enabled=&#8220;on|desktop&#8220; button_bg_color__hover=&#8220;RGBA(255,255,255,0)&#8220; button_bg_enable_color__hover=&#8220;on&#8220; button_text_color__hover_enabled=&#8220;on|hover&#8220; button_text_color__hover=&#8220;#20B2AA&#8220;][\/et_pb_button][\/et_pb_column][et_pb_column type=&#8220;1_2&#8243; _builder_version=&#8220;4.27.4&#8243; _module_preset=&#8220;default&#8220; custom_css_main_element=&#8220;margin:auto;&#8220; global_colors_info=&#8220;{}&#8220;][et_pb_image src=&#8220;https:\/\/oceancompanyfood.com\/wp-content\/uploads\/2025\/04\/foto-pand-2.jpg&#8220; _builder_version=&#8220;4.27.4&#8243; _module_preset=&#8220;default&#8220; custom_margin_tablet=&#8220;||30px||false|false&#8220; custom_margin_phone=&#8220;||30px||false|false&#8220; custom_margin_last_edited=&#8220;on|tablet&#8220; animation_style=&#8220;slide&#8220; animation_direction=&#8220;bottom&#8220; image_aspect_ratio=&#8220;4\/3&#8243; border_radii=&#8220;on|25px|25px|25px|25px&#8220; locked=&#8220;off&#8220; global_colors_info=&#8220;{}&#8220;][\/et_pb_image][\/et_pb_column][\/et_pb_row][\/et_pb_section][et_pb_section fb_built=&#8220;1&#8243; module_id=&#8220;ueberuns&#8220; _builder_version=&#8220;4.27.4&#8243; _module_preset=&#8220;default&#8220; use_background_color_gradient=&#8220;on&#8220; background_color_gradient_stops=&#8220;#ffffff 0%|rgba(255,255,255,0) 70%&#8220; background_image=&#8220;https:\/\/oceancompanyfood.com\/wp-content\/uploads\/\/2025\/02\/BG-Def-1.svg&#8220; background_blend=&#8220;lighten&#8220; background_last_edited=&#8220;on|tablet&#8220; background_position_tablet=&#8220;bottom_left&#8220; background_horizontal_offset_tablet=&#8220;25%&#8220; locked=&#8220;off&#8220; global_colors_info=&#8220;{}&#8220;][et_pb_row column_structure=&#8220;1_2,1_2&#8243; use_custom_gutter=&#8220;on&#8220; gutter_width=&#8220;4&#8243; make_equal=&#8220;on&#8220; _builder_version=&#8220;4.27.4&#8243; _module_preset=&#8220;default&#8220; global_colors_info=&#8220;{}&#8220;][et_pb_column type=&#8220;1_2&#8243; _builder_version=&#8220;4.27.4&#8243; _module_preset=&#8220;default&#8220; global_colors_info=&#8220;{}&#8220;][et_pb_image src=&#8220;https:\/\/oceancompanyfood.com\/wp-content\/uploads\/2025\/03\/About-us.jpg&#8220; _builder_version=&#8220;4.27.4&#8243; _module_preset=&#8220;default&#8220; animation_style=&#8220;slide&#8220; animation_direction=&#8220;bottom&#8220; image_aspect_ratio=&#8220;4\/3&#8243; border_radii=&#8220;on|25px|25px|25px|25px&#8220; locked=&#8220;off&#8220; global_colors_info=&#8220;{}&#8220;][\/et_pb_image][\/et_pb_column][et_pb_column type=&#8220;1_2&#8243; _builder_version=&#8220;4.27.4&#8243; _module_preset=&#8220;default&#8220; custom_css_main_element=&#8220;margin:auto;&#8220; global_colors_info=&#8220;{}&#8220;][et_pb_blurb image=&#8220;https:\/\/oceancompanyfood.com\/wp-content\/uploads\/\/2025\/02\/Blurb.svg&#8220; icon_placement=&#8220;left&#8220; image_icon_width=&#8220;5px&#8220; content_max_width=&#8220;100%&#8220; module_class=&#8220;dm-tight-blurb2&#8243; _builder_version=&#8220;4.27.4&#8243; _module_preset=&#8220;default&#8220; body_font=&#8220;|800||on|||||&#8220; body_text_color=&#8220;#182B3B&#8220; body_font_size=&#8220;17px&#8220; body_letter_spacing=&#8220;2px&#8220; body_line_height=&#8220;1.4em&#8220; image_icon_custom_margin=&#8220;|||10px|false|false&#8220; image_icon_custom_padding=&#8220;||||false|false&#8220; module_alignment=&#8220;left&#8220; custom_margin=&#8220;||20px||false|false&#8220; custom_padding=&#8220;||||false|false&#8220; animation=&#8220;off&#8220; custom_css_main_element=&#8220;margin-left:-10px;&#8220; locked=&#8220;off&#8220; global_colors_info=&#8220;{}&#8220;]<\/p>\n<p>\u00dcber uns<\/p>\n<p>[\/et_pb_blurb][et_pb_text _builder_version=&#8220;4.27.4&#8243; _module_preset=&#8220;default&#8220; text_text_color=&#8220;#FFFFFF&#8220; text_font_size=&#8220;19px&#8220; text_line_height=&#8220;1.5em&#8220; header_font=&#8220;|800|||||||&#8220; header_text_color=&#8220;#FFFFFF&#8220; header_font_size=&#8220;48px&#8220; header_line_height=&#8220;1.1em&#8220; header_2_font=&#8220;|800|||||||&#8220; header_2_text_color=&#8220;#182B3B&#8220; header_2_font_size=&#8220;36px&#8220; header_2_line_height=&#8220;1.1em&#8220; custom_margin=&#8220;||15px||false|false&#8220; header_2_font_size_tablet=&#8220;34px&#8220; header_2_font_size_phone=&#8220;32px&#8220; header_2_font_size_last_edited=&#8220;on|tablet&#8220; locked=&#8220;off&#8220; global_colors_info=&#8220;{}&#8220;]<\/p>\n<h2>Nachhaltige, frische und intelligente Verarbeitung<\/h2>\n<p>[\/et_pb_text][et_pb_text _builder_version=&#8220;4.27.4&#8243; _module_preset=&#8220;default&#8220; global_colors_info=&#8220;{}&#8220;]<\/p>\n<p><strong>Wir sind spezialisiert auf die Herstellung hochwertiger Halbfertigprodukte, wie z. B. Schabefleisch vom Lachs sowie Hackfleisch und strukturierte Formate wie W\u00fcrfel, die sowohl vom Lachs als auch vom Kabeljau erh\u00e4ltlich sind<\/strong>. Mit unserer Erfahrung in der Lebensmittelverarbeitung bieten wir vielseitige Lebensmittelzutaten, die sich nahtlos in eine Vielzahl von Anwendungen integrieren lassen und unseren Kunden Konsistenz, Qualit\u00e4t und Effizienz garantieren. <\/p>\n<p>Bei Ocean Company konzentrieren wir uns darauf, hochwertige Lebensmittelzutaten zu liefern, die eine kosteneffektive Alternative darstellen, ohne Kompromisse bei der Qualit\u00e4t einzugehen. Durch die Maximierung des Werts jedes Fischteils bieten wir eine intelligente und effiziente L\u00f6sung f\u00fcr Lebensmittelhersteller, die ihre Produktion optimieren und gleichzeitig hohe Standards einhalten wollen. Mit unserem Engagement f\u00fcr die Wertsch\u00f6pfung in jeder Mahlzeit stellen wir sicher, dass unsere Zutaten sowohl zuverl\u00e4ssig als auch erschwinglich f\u00fcr die Lebensmittelindustrie sind.  <\/p>\n<p>[\/et_pb_text][et_pb_button button_url=&#8220;https:\/\/oceancompanyfood.com\/de\/nachhaltigkeit\/&#8220; button_text=&#8220;Nachhaltigkeit&#8220; _builder_version=&#8220;4.27.4&#8243; _module_preset=&#8220;default&#8220; custom_button=&#8220;on&#8220; button_text_size=&#8220;15px&#8220; button_text_color=&#8220;#FFFFFF&#8220; button_bg_color=&#8220;#20B2AA&#8220; button_border_width=&#8220;3px&#8220; button_border_color=&#8220;#20B2AA&#8220; button_border_radius=&#8220;100px&#8220; button_letter_spacing=&#8220;2px&#8220; button_font=&#8220;|800||on|||||&#8220; custom_padding=&#8220;12px|30px|12px|30px|true|true&#8220; locked=&#8220;off&#8220; global_colors_info=&#8220;{}&#8220; button_bg_color__hover_enabled=&#8220;on|desktop&#8220; button_bg_color__hover=&#8220;RGBA(255,255,255,0)&#8220; button_bg_enable_color__hover=&#8220;on&#8220; button_text_color__hover_enabled=&#8220;on|hover&#8220; button_text_color__hover=&#8220;#20B2AA&#8220;][\/et_pb_button][\/et_pb_column][\/et_pb_row][\/et_pb_section][et_pb_section fb_built=&#8220;1&#8243; module_id=&#8220;contact&#8220; _builder_version=&#8220;4.27.4&#8243; _module_preset=&#8220;default&#8220; background_color=&#8220;#BFCFD9&#8243; use_background_color_gradient=&#8220;on&#8220; background_color_gradient_type=&#8220;circular&#8220; background_color_gradient_stops=&#8220;rgba(149,172,186,0.15) 30%|#95acba 100%&#8220; background_position_tablet=&#8220;bottom_left&#8220; background_horizontal_offset_tablet=&#8220;25%&#8220; locked=&#8220;off&#8220; global_colors_info=&#8220;{}&#8220;][et_pb_row use_custom_gutter=&#8220;on&#8220; gutter_width=&#8220;4&#8243; make_equal=&#8220;on&#8220; module_class=&#8220;p&#8220; _builder_version=&#8220;4.27.4&#8243; _module_preset=&#8220;default&#8220; max_width=&#8220;800px&#8220; custom_margin=&#8220;||||false|false&#8220; custom_padding=&#8220;||||false|false&#8220; locked=&#8220;off&#8220; global_colors_info=&#8220;{}&#8220;][et_pb_column type=&#8220;4_4&#8243; module_class=&#8220;pa-inline-buttons2&#8243; _builder_version=&#8220;4.27.4&#8243; _module_preset=&#8220;default&#8220; global_colors_info=&#8220;{}&#8220;][et_pb_blurb image=&#8220;https:\/\/oceancompanyfood.com\/wp-content\/uploads\/\/2025\/02\/Blurb.svg&#8220; icon_placement=&#8220;left&#8220; image_icon_width=&#8220;5px&#8220; content_max_width=&#8220;280px&#8220; content_max_width_tablet=&#8220;28%&#8220; content_max_width_phone=&#8220;53%&#8220; content_max_width_last_edited=&#8220;off|phone&#8220; module_class=&#8220;dm-tight-blurb2&#8243; _builder_version=&#8220;4.27.4&#8243; _module_preset=&#8220;default&#8220; body_font=&#8220;|800||on|||||&#8220; body_text_color=&#8220;#182B3B&#8220; body_font_size=&#8220;17px&#8220; body_letter_spacing=&#8220;2px&#8220; body_line_height=&#8220;1.4em&#8220; image_icon_custom_margin=&#8220;|||10px|false|false&#8220; image_icon_custom_padding=&#8220;||||false|false&#8220; module_alignment=&#8220;center&#8220; custom_margin=&#8220;||20px||false|false&#8220; custom_padding=&#8220;||||false|false&#8220; animation=&#8220;off&#8220; custom_css_main_element=&#8220;margin-left:-10px;&#8220; global_colors_info=&#8220;{}&#8220;]<\/p>\n<p style=\"text-align: center;\">Zwei Bereiche, ein Ziel<\/p>\n<p>[\/et_pb_blurb][et_pb_text _builder_version=&#8220;4.27.4&#8243; _module_preset=&#8220;default&#8220; text_text_color=&#8220;#FFFFFF&#8220; text_font_size=&#8220;19px&#8220; text_line_height=&#8220;1.5em&#8220; header_font=&#8220;|800|||||||&#8220; header_text_color=&#8220;#FFFFFF&#8220; header_font_size=&#8220;48px&#8220; header_line_height=&#8220;1.1em&#8220; header_2_font=&#8220;|800|||||||&#8220; header_2_text_color=&#8220;#182B3B&#8220; header_2_font_size=&#8220;36px&#8220; header_2_line_height=&#8220;1.1em&#8220; custom_margin=&#8220;||15px||false|false&#8220; header_2_font_size_tablet=&#8220;34px&#8220; header_2_font_size_phone=&#8220;32px&#8220; header_2_font_size_last_edited=&#8220;on|phone&#8220; global_colors_info=&#8220;{}&#8220;]<\/p>\n<h2 style=\"text-align: center;\">Ocean Company ist in zwei spezialisierten Bereichen t\u00e4tig: Lebensmittel und Tiernahrung.<\/h2>\n<p>[\/et_pb_text][et_pb_text _builder_version=&#8220;4.27.4&#8243; _module_preset=&#8220;default&#8220; custom_margin=&#8220;||50px||false|false&#8220; global_colors_info=&#8220;{}&#8220;]<\/p>\n<p style=\"text-align: center;\">Wir liefern hochwertige Meeresfr\u00fcchte-Zutaten f\u00fcr den menschlichen Verzehr und die Tierern\u00e4hrung. Ob Sie k\u00f6stliche Lebensmittel f\u00fcr Menschen entwickeln oder innovative Rezepturen f\u00fcr Tiere, wir bieten die passenden L\u00f6sungen f\u00fcr Ihre Branche.<\/p>\n<p>[\/et_pb_text][et_pb_button button_url=&#8220;https:\/\/oceancompanyfood.com\/de\/&#8220; url_new_window=&#8220;on&#8220; button_text=&#8220;Ocean Company Food&#8220; button_alignment=&#8220;center&#8220; button_alignment_tablet=&#8220;center&#8220; button_alignment_phone=&#8220;center&#8220; button_alignment_last_edited=&#8220;on|phone&#8220; _builder_version=&#8220;4.27.4&#8243; _module_preset=&#8220;default&#8220; custom_button=&#8220;on&#8220; button_text_size=&#8220;15px&#8220; button_text_color=&#8220;#FFFFFF&#8220; button_bg_color=&#8220;#20B2AA&#8220; button_border_width=&#8220;3px&#8220; button_border_color=&#8220;#20B2AA&#8220; button_border_radius=&#8220;100px&#8220; button_letter_spacing=&#8220;2px&#8220; button_font=&#8220;|800||on|||||&#8220; custom_margin=&#8220;|20px|||false|false&#8220; custom_margin_tablet=&#8220;|20px|||false|false&#8220; custom_margin_phone=&#8220;|0px|||false|false&#8220; custom_margin_last_edited=&#8220;on|tablet&#8220; custom_padding=&#8220;12px|30px|12px|30px|true|true&#8220; locked=&#8220;off&#8220; global_colors_info=&#8220;{}&#8220; button_bg_color__hover_enabled=&#8220;on|desktop&#8220; button_bg_color__hover=&#8220;RGBA(255,255,255,0)&#8220; button_bg_enable_color__hover=&#8220;on&#8220; button_text_color__hover_enabled=&#8220;on|hover&#8220; button_text_color__hover=&#8220;#20B2AA&#8220;][\/et_pb_button][et_pb_button button_url=&#8220;https:\/\/oceancompanypetfood.com\/de\/&#8220; url_new_window=&#8220;on&#8220; button_text=&#8220;Ocean Company Petfood&#8220; button_alignment=&#8220;center&#8220; _builder_version=&#8220;4.27.4&#8243; _module_preset=&#8220;default&#8220; custom_button=&#8220;on&#8220; button_text_size=&#8220;15px&#8220; button_text_color=&#8220;#FFFFFF&#8220; button_bg_color=&#8220;#F2756B&#8220; button_border_width=&#8220;3px&#8220; button_border_color=&#8220;#F2756B&#8220; button_border_radius=&#8220;100px&#8220; button_letter_spacing=&#8220;2px&#8220; button_font=&#8220;|800||on|||||&#8220; custom_padding=&#8220;12px|30px|12px|30px|true|true&#8220; locked=&#8220;off&#8220; global_colors_info=&#8220;{}&#8220; button_bg_color__hover_enabled=&#8220;on|desktop&#8220; button_bg_color__hover=&#8220;RGBA(255,255,255,0)&#8220; button_bg_enable_color__hover=&#8220;on&#8220; button_text_color__hover_enabled=&#8220;on|hover&#8220; button_text_color__hover=&#8220;#F2756B&#8220;][\/et_pb_button][\/et_pb_column][\/et_pb_row][\/et_pb_section]<\/p>\n","protected":false},"excerpt":{"rendered":"<p>Ocean Company\u00dcber unsAus kleinen Anf\u00e4ngen zum Branchenf\u00fchrerWir von Ocean Company glauben daran, dass jede Mahlzeit einen Mehrwert bietet. Seit unserer Gr\u00fcndung im Jahr 2015 widmen wir uns der Herstellung hochwertiger Lebensmittelzutaten . Was als kleine Initiative begann, nahm 2017 Fahrt auf, und heute betreiben wir eine hochgradig lebensmitteltaugliche Produktionsst\u00e4tte auf \u00fcber 1.600 m\u00b2. Im Jahr [&hellip;]<\/p>\n","protected":false},"author":2,"featured_media":0,"parent":0,"menu_order":0,"comment_status":"closed","ping_status":"closed","template":"","meta":{"_et_pb_use_builder":"on","_et_pb_old_content":"","_et_gb_content_width":"","inline_featured_image":false,"footnotes":""},"class_list":["post-2620","page","type-page","status-publish","hentry"],"_links":{"self":[{"href":"https:\/\/oceancompanyfood.com\/de\/wp-json\/wp\/v2\/pages\/2620","targetHints":{"allow":["GET"]}}],"collection":[{"href":"https:\/\/oceancompanyfood.com\/de\/wp-json\/wp\/v2\/pages"}],"about":[{"href":"https:\/\/oceancompanyfood.com\/de\/wp-json\/wp\/v2\/types\/page"}],"author":[{"embeddable":true,"href":"https:\/\/oceancompanyfood.com\/de\/wp-json\/wp\/v2\/users\/2"}],"replies":[{"embeddable":true,"href":"https:\/\/oceancompanyfood.com\/de\/wp-json\/wp\/v2\/comments?post=2620"}],"version-history":[{"count":10,"href":"https:\/\/oceancompanyfood.com\/de\/wp-json\/wp\/v2\/pages\/2620\/revisions"}],"predecessor-version":[{"id":4663,"href":"https:\/\/oceancompanyfood.com\/de\/wp-json\/wp\/v2\/pages\/2620\/revisions\/4663"}],"wp:attachment":[{"href":"https:\/\/oceancompanyfood.com\/de\/wp-json\/wp\/v2\/media?parent=2620"}],"curies":[{"name":"wp","href":"https:\/\/api.w.org\/{rel}","templated":true}]}}