{"id":2614,"date":"2025-03-24T16:00:19","date_gmt":"2025-03-24T16:00:19","guid":{"rendered":"https:\/\/oceancompanyfood.com\/ueberbestaende\/"},"modified":"2026-01-22T09:52:47","modified_gmt":"2026-01-22T09:52:47","slug":"ueberbestaende","status":"publish","type":"page","link":"https:\/\/oceancompanyfood.com\/de\/ueberbestaende\/","title":{"rendered":"\u00dcberbest\u00e4nde"},"content":{"rendered":"<p>[et_pb_section fb_built=&#8220;1&#8243; custom_padding_last_edited=&#8220;on|tablet&#8220; next_background_color=&#8220;#ffffff&#8220; admin_label=&#8220;section&#8220; _builder_version=&#8220;4.27.4&#8243; background_enable_color=&#8220;off&#8220; use_background_color_gradient=&#8220;on&#8220; background_color_gradient_stops=&#8220;#182b3b 0%|rgba(24,43,59,0.5) 100%&#8220; background_image=&#8220;https:\/\/oceancompanyfood.com\/wp-content\/uploads\/2025\/02\/Ocean-Ingredients-header-1920-x-1080.jpg&#8220; background_blend=&#8220;exclusion&#8220; custom_margin=&#8220;||||false|false&#8220; custom_padding=&#8220;8.5vw||2vw||false|false&#8220; custom_padding_tablet=&#8220;35vw||||false|false&#8220; custom_padding_phone=&#8220;58vw||||false|false&#8220; bottom_divider_style=&#8220;wave&#8220; bottom_divider_height=&#8220;3.5vw&#8220; background_last_edited=&#8220;on|desktop&#8220; background_size_phone=&#8220;cover&#8220; background_position_tablet=&#8220;bottom_right&#8220; background_position_phone=&#8220;bottom_right&#8220; locked=&#8220;off&#8220; global_colors_info=&#8220;{}&#8220;][et_pb_row _builder_version=&#8220;4.27.4&#8243; _module_preset=&#8220;default&#8220; global_colors_info=&#8220;{}&#8220;][et_pb_column type=&#8220;4_4&#8243; _builder_version=&#8220;4.27.4&#8243; _module_preset=&#8220;default&#8220; global_colors_info=&#8220;{}&#8220;][et_pb_blurb image=&#8220;https:\/\/oceancompanyfood.com\/wp-content\/uploads\/\/2025\/02\/Blurb.svg&#8220; icon_placement=&#8220;left&#8220; image_icon_width=&#8220;5px&#8220; content_max_width=&#8220;210px&#8220; content_max_width_tablet=&#8220;32%&#8220; content_max_width_phone=&#8220;66%&#8220; content_max_width_last_edited=&#8220;off|desktop&#8220; module_class=&#8220;dm-tight-blurb2&#8243; _builder_version=&#8220;4.27.4&#8243; _module_preset=&#8220;default&#8220; body_font=&#8220;|800||on|||||&#8220; body_text_color=&#8220;#FFFFFF&#8220; body_font_size=&#8220;17px&#8220; body_letter_spacing=&#8220;2px&#8220; body_line_height=&#8220;1.4em&#8220; image_icon_custom_margin=&#8220;|||10px|false|false&#8220; image_icon_custom_padding=&#8220;||||false|false&#8220; module_alignment=&#8220;center&#8220; custom_margin=&#8220;||20px||false|false&#8220; custom_padding=&#8220;||||false|false&#8220; animation=&#8220;off&#8220; custom_css_main_element=&#8220;margin-left:-10px;&#8220; locked=&#8220;off&#8220; global_colors_info=&#8220;{}&#8220;]<\/p>\n<p style=\"text-align: center;\">Ocean Company<\/p>\n<p>[\/et_pb_blurb][et_pb_heading title=&#8220;@ET-DC@eyJkeW5hbWljIjp0cnVlLCJjb250ZW50IjoicG9zdF90aXRsZSIsInNldHRpbmdzIjp7ImJlZm9yZSI6IiIsImFmdGVyIjoiIn19@&#8220; _builder_version=&#8220;4.27.5&#8243; _dynamic_attributes=&#8220;title&#8220; _module_preset=&#8220;default&#8220; title_font=&#8220;|800|||||||&#8220; title_text_align=&#8220;center&#8220; title_text_color=&#8220;#FFFFFF&#8220; title_font_size=&#8220;44px&#8220; title_line_height=&#8220;1.1em&#8220; custom_margin=&#8220;||20px||false|false&#8220; hover_enabled=&#8220;0&#8243; title_font_size_tablet=&#8220;40px&#8220; title_font_size_phone=&#8220;36px&#8220; title_font_size_last_edited=&#8220;on|phone&#8220; locked=&#8220;off&#8220; global_colors_info=&#8220;{}&#8220; title_2_font_size_tablet=&#8220;34px&#8220; title_2_font_size_phone=&#8220;32px&#8220; title_2_font_size_last_edited=&#8220;on|tablet&#8220; sticky_enabled=&#8220;0&#8243;][\/et_pb_heading][\/et_pb_column][\/et_pb_row][\/et_pb_section][et_pb_section fb_built=&#8220;1&#8243; _builder_version=&#8220;4.27.4&#8243; _module_preset=&#8220;default&#8220; use_background_color_gradient=&#8220;on&#8220; background_color_gradient_stops=&#8220;#ffffff 0%|rgba(255,255,255,0.6) 100%&#8220; background_image=&#8220;https:\/\/oceancompanyfood.com\/wp-content\/uploads\/2025\/02\/BG1.jpg&#8220; background_blend=&#8220;overlay&#8220; global_colors_info=&#8220;{}&#8220;][et_pb_row column_structure=&#8220;1_2,1_2&#8243; use_custom_gutter=&#8220;on&#8220; gutter_width=&#8220;4&#8243; make_equal=&#8220;on&#8220; _builder_version=&#8220;4.27.4&#8243; _module_preset=&#8220;default&#8220; global_colors_info=&#8220;{}&#8220; custom_css_main_element_last_edited=&#8220;on|tablet&#8220; custom_css_main_element_phone=&#8220;flex-direction: column-reverse;||display:flex;&#8220; custom_css_main_element_tablet=&#8220;flex-direction: column-reverse;||display:flex;&#8220;][et_pb_column type=&#8220;1_2&#8243; _builder_version=&#8220;4.27.4&#8243; _module_preset=&#8220;default&#8220; custom_css_main_element=&#8220;margin:auto;&#8220; global_colors_info=&#8220;{}&#8220;][et_pb_blurb image=&#8220;https:\/\/oceancompanyfood.com\/wp-content\/uploads\/\/2025\/02\/Blurb.svg&#8220; icon_placement=&#8220;left&#8220; image_icon_width=&#8220;5px&#8220; content_max_width=&#8220;100%&#8220; module_class=&#8220;dm-tight-blurb2&#8243; _builder_version=&#8220;4.27.4&#8243; _module_preset=&#8220;default&#8220; body_font=&#8220;|800||on|||||&#8220; body_text_color=&#8220;#182B3B&#8220; body_font_size=&#8220;17px&#8220; body_letter_spacing=&#8220;2px&#8220; body_line_height=&#8220;1.4em&#8220; image_icon_custom_margin=&#8220;|||10px|false|false&#8220; image_icon_custom_padding=&#8220;||||false|false&#8220; module_alignment=&#8220;left&#8220; custom_margin=&#8220;||20px||false|false&#8220; custom_padding=&#8220;||||false|false&#8220; animation=&#8220;off&#8220; custom_css_main_element=&#8220;margin-left:-10px;&#8220; locked=&#8220;off&#8220; global_colors_info=&#8220;{}&#8220;]<\/p>\n<p>\u00dcberbest\u00e4nde<\/p>\n<p>[\/et_pb_blurb][et_pb_text _builder_version=&#8220;4.27.4&#8243; _module_preset=&#8220;default&#8220; text_text_color=&#8220;#FFFFFF&#8220; text_font_size=&#8220;19px&#8220; text_line_height=&#8220;1.5em&#8220; header_font=&#8220;|800|||||||&#8220; header_text_color=&#8220;#FFFFFF&#8220; header_font_size=&#8220;48px&#8220; header_line_height=&#8220;1.1em&#8220; header_2_font=&#8220;|800|||||||&#8220; header_2_text_color=&#8220;#182B3B&#8220; header_2_font_size=&#8220;36px&#8220; header_2_line_height=&#8220;1.1em&#8220; custom_margin=&#8220;||15px||false|false&#8220; header_2_font_size_tablet=&#8220;34px&#8220; header_2_font_size_phone=&#8220;32px&#8220; header_2_font_size_last_edited=&#8220;on|tablet&#8220; locked=&#8220;off&#8220; global_colors_info=&#8220;{}&#8220;]<\/p>\n<h2><span>Wir maximieren Ihren Wert<\/span><\/h2>\n<p>[\/et_pb_text][et_pb_text _builder_version=&#8220;4.27.4&#8243; _module_preset=&#8220;default&#8220; global_colors_info=&#8220;{}&#8220;]<\/p>\n<p><span>Wir von Ocean Company haben uns auf den Ankauf von \u00dcberbest\u00e4nden an Lebensmitteln spezialisiert. Ganz gleich, ob es sich um besch\u00e4digte Waren, Fehlproduktionen, Reste oder sogar veraltete Artikel handelt, wir sind f\u00fcr Sie da. Unser Ziel ist es, den Wert f\u00fcr Sie zu maximieren, indem wir eine L\u00f6sung f\u00fcr \u00fcbersch\u00fcssige Best\u00e4nde anbieten, den Abfall minimieren und die Ressourcen optimieren. Nehmen Sie noch heute Kontakt mit uns auf und erfahren Sie mehr dar\u00fcber, wie wir Sie unterst\u00fctzen k\u00f6nnen.   <\/span><\/p>\n<p>[\/et_pb_text][et_pb_button button_url=&#8220;#\u00dcberbest\u00e4nden&#8220; button_text=&#8220;Was Sie bekommen&#8220; _builder_version=&#8220;4.27.4&#8243; _module_preset=&#8220;default&#8220; custom_button=&#8220;on&#8220; button_text_size=&#8220;15px&#8220; button_text_color=&#8220;#FFFFFF&#8220; button_bg_color=&#8220;#20B2AA&#8220; button_border_width=&#8220;3px&#8220; button_border_color=&#8220;#20B2AA&#8220; button_border_radius=&#8220;100px&#8220; button_letter_spacing=&#8220;2px&#8220; button_font=&#8220;|800||on|||||&#8220; custom_padding=&#8220;12px|30px|12px|30px|true|true&#8220; locked=&#8220;off&#8220; global_colors_info=&#8220;{}&#8220; button_bg_color__hover_enabled=&#8220;on|desktop&#8220; button_bg_color__hover=&#8220;RGBA(255,255,255,0)&#8220; button_bg_enable_color__hover=&#8220;on&#8220; button_text_color__hover_enabled=&#8220;on|hover&#8220; button_text_color__hover=&#8220;#20B2AA&#8220;][\/et_pb_button][\/et_pb_column][et_pb_column type=&#8220;1_2&#8243; _builder_version=&#8220;4.27.4&#8243; _module_preset=&#8220;default&#8220; global_colors_info=&#8220;{}&#8220;][et_pb_image src=&#8220;https:\/\/oceancompanyfood.com\/wp-content\/uploads\/2025\/03\/Overstocks.jpg&#8220; _builder_version=&#8220;4.27.4&#8243; _module_preset=&#8220;default&#8220; custom_margin_tablet=&#8220;||30px||false|false&#8220; custom_margin_phone=&#8220;||30px||false|false&#8220; custom_margin_last_edited=&#8220;on|tablet&#8220; animation_style=&#8220;slide&#8220; animation_direction=&#8220;bottom&#8220; image_aspect_ratio=&#8220;4\/3&#8243; border_radii=&#8220;on|25px|25px|25px|25px&#8220; locked=&#8220;off&#8220; global_colors_info=&#8220;{}&#8220;][\/et_pb_image][\/et_pb_column][\/et_pb_row][\/et_pb_section][et_pb_section fb_built=&#8220;1&#8243; module_id=&#8220;\u00dcberbest\u00e4nden&#8220; _builder_version=&#8220;4.27.4&#8243; _module_preset=&#8220;default&#8220; use_background_color_gradient=&#8220;on&#8220; background_color_gradient_stops=&#8220;#ffffff 0%|rgba(255,255,255,0) 70%&#8220; background_image=&#8220;https:\/\/oceancompanyfood.com\/wp-content\/uploads\/\/2025\/02\/BG-Def-1.svg&#8220; background_blend=&#8220;lighten&#8220; background_last_edited=&#8220;on|tablet&#8220; background_position_tablet=&#8220;bottom_left&#8220; background_horizontal_offset_tablet=&#8220;25%&#8220; locked=&#8220;off&#8220; global_colors_info=&#8220;{}&#8220;][et_pb_row use_custom_gutter=&#8220;on&#8220; gutter_width=&#8220;4&#8243; make_equal=&#8220;on&#8220; _builder_version=&#8220;4.27.4&#8243; _module_preset=&#8220;default&#8220; custom_margin=&#8220;||||false|false&#8220; custom_padding=&#8220;||||false|false&#8220; locked=&#8220;off&#8220; global_colors_info=&#8220;{}&#8220;][et_pb_column type=&#8220;4_4&#8243; _builder_version=&#8220;4.27.4&#8243; _module_preset=&#8220;default&#8220; global_colors_info=&#8220;{}&#8220;][et_pb_blurb image=&#8220;https:\/\/oceancompanyfood.com\/wp-content\/uploads\/\/2025\/02\/Blurb.svg&#8220; icon_placement=&#8220;left&#8220; image_icon_width=&#8220;5px&#8220; content_max_width=&#8220;185px&#8220; content_max_width_tablet=&#8220;28%&#8220; content_max_width_phone=&#8220;53%&#8220; content_max_width_last_edited=&#8220;off|phone&#8220; module_class=&#8220;dm-tight-blurb2&#8243; _builder_version=&#8220;4.27.4&#8243; _module_preset=&#8220;default&#8220; body_font=&#8220;|800||on|||||&#8220; body_text_color=&#8220;#182B3B&#8220; body_font_size=&#8220;17px&#8220; body_letter_spacing=&#8220;2px&#8220; body_line_height=&#8220;1.4em&#8220; image_icon_custom_margin=&#8220;|||10px|false|false&#8220; image_icon_custom_padding=&#8220;||||false|false&#8220; module_alignment=&#8220;center&#8220; custom_margin=&#8220;||20px||false|false&#8220; custom_padding=&#8220;||||false|false&#8220; animation=&#8220;off&#8220; custom_css_main_element=&#8220;margin-left:-10px;&#8220; global_colors_info=&#8220;{}&#8220;]<\/p>\n<p style=\"text-align: center;\">\u00dcberbest\u00e4nde<\/p>\n<p>[\/et_pb_blurb][et_pb_text _builder_version=&#8220;4.27.4&#8243; _module_preset=&#8220;default&#8220; text_text_color=&#8220;#FFFFFF&#8220; text_font_size=&#8220;19px&#8220; text_line_height=&#8220;1.5em&#8220; header_font=&#8220;|800|||||||&#8220; header_text_color=&#8220;#FFFFFF&#8220; header_font_size=&#8220;48px&#8220; header_line_height=&#8220;1.1em&#8220; header_2_font=&#8220;|800|||||||&#8220; header_2_text_color=&#8220;#182B3B&#8220; header_2_font_size=&#8220;36px&#8220; header_2_line_height=&#8220;1.1em&#8220; custom_margin=&#8220;||15px||false|false&#8220; header_2_font_size_tablet=&#8220;34px&#8220; header_2_font_size_phone=&#8220;32px&#8220; header_2_font_size_last_edited=&#8220;on|phone&#8220; global_colors_info=&#8220;{}&#8220;]<\/p>\n<h2 style=\"text-align: center;\">Warum Ocean Company f\u00fcr \u00dcberbest\u00e4nde w\u00e4hlen?<\/h2>\n<p>[\/et_pb_text][\/et_pb_column][\/et_pb_row][et_pb_row column_structure=&#8220;1_4,1_4,1_4,1_4&#8243; _builder_version=&#8220;4.27.4&#8243; _module_preset=&#8220;default&#8220; global_colors_info=&#8220;{}&#8220;][et_pb_column type=&#8220;1_4&#8243; _builder_version=&#8220;4.27.4&#8243; _module_preset=&#8220;default&#8220; global_colors_info=&#8220;{}&#8220;][et_pb_blurb title=&#8220;Maximaler Wert&#8220; use_icon=&#8220;on&#8220; font_icon=&#8220;&#x52;||divi||400&#8243; icon_color=&#8220;#20B2AA&#8220; image_icon_width=&#8220;65px&#8220; icon_alignment=&#8220;left&#8220; _builder_version=&#8220;4.27.4&#8243; _module_preset=&#8220;default&#8220; header_font=&#8220;|700|||||||&#8220; header_text_color=&#8220;#182B3B&#8220; header_font_size=&#8220;17px&#8220; global_colors_info=&#8220;{}&#8220;]<\/p>\n<p>Wir verwandeln Ihren \u00dcberschuss in Gewinn, indem wir faire Preise f\u00fcr \u00fcberz\u00e4hlige und veraltete Produkte anbieten.<\/p>\n<p>[\/et_pb_blurb][\/et_pb_column][et_pb_column type=&#8220;1_4&#8243; _builder_version=&#8220;4.27.4&#8243; _module_preset=&#8220;default&#8220; global_colors_info=&#8220;{}&#8220;][et_pb_blurb title=&#8220;Nachhaltige L\u00f6sungen&#8220; use_icon=&#8220;on&#8220; font_icon=&#8220;&#x52;||divi||400&#8243; icon_color=&#8220;#20B2AA&#8220; image_icon_width=&#8220;65px&#8220; icon_alignment=&#8220;left&#8220; _builder_version=&#8220;4.27.4&#8243; _module_preset=&#8220;default&#8220; header_font=&#8220;|700|||||||&#8220; header_text_color=&#8220;#182B3B&#8220; header_font_size=&#8220;17px&#8220; global_colors_info=&#8220;{}&#8220;]<\/p>\n<p>Verringern Sie den Abfall und optimieren Sie die Ressourcen, indem Sie Ihren \u00dcberbest\u00e4nden ein zweites Leben geben.<\/p>\n<p>[\/et_pb_blurb][\/et_pb_column][et_pb_column type=&#8220;1_4&#8243; _builder_version=&#8220;4.27.4&#8243; _module_preset=&#8220;default&#8220; global_colors_info=&#8220;{}&#8220;][et_pb_blurb title=&#8220;F\u00fcr alle Arten von \u00dcberbest\u00e4nden&#8220; use_icon=&#8220;on&#8220; font_icon=&#8220;&#x52;||divi||400&#8243; icon_color=&#8220;#20B2AA&#8220; image_icon_width=&#8220;65px&#8220; icon_alignment=&#8220;left&#8220; _builder_version=&#8220;4.27.4&#8243; _module_preset=&#8220;default&#8220; header_font=&#8220;|700|||||||&#8220; header_text_color=&#8220;#182B3B&#8220; header_font_size=&#8220;17px&#8220; global_colors_info=&#8220;{}&#8220;]<\/p>\n<p>Wir k\u00fcmmern uns professionell und effizient um besch\u00e4digte Waren, Fehlproduktionen und Restbest\u00e4nde.<\/p>\n<p>[\/et_pb_blurb][\/et_pb_column][et_pb_column type=&#8220;1_4&#8243; _builder_version=&#8220;4.27.4&#8243; _module_preset=&#8220;default&#8220; global_colors_info=&#8220;{}&#8220;][et_pb_blurb title=&#8220;Schnelles und unkompliziertes Verfahren&#8220; use_icon=&#8220;on&#8220; font_icon=&#8220;&#x52;||divi||400&#8243; icon_color=&#8220;#20B2AA&#8220; image_icon_width=&#8220;65px&#8220; icon_alignment=&#8220;left&#8220; _builder_version=&#8220;4.27.4&#8243; _module_preset=&#8220;default&#8220; header_font=&#8220;|700|||||||&#8220; header_text_color=&#8220;#182B3B&#8220; header_font_size=&#8220;17px&#8220; global_colors_info=&#8220;{}&#8220;]<\/p>\n<p>Unser schlanker Ansatz sorgt f\u00fcr schnelle Transaktionen und minimalen Papierkram.<\/p>\n<p>[\/et_pb_blurb][\/et_pb_column][\/et_pb_row][\/et_pb_section][et_pb_section fb_built=&#8220;1&#8243; module_id=&#8220;Kontakt&#8220; _builder_version=&#8220;4.27.4&#8243; _module_preset=&#8220;default&#8220; background_color=&#8220;#BFCFD9&#8243; use_background_color_gradient=&#8220;on&#8220; background_color_gradient_type=&#8220;circular&#8220; background_color_gradient_stops=&#8220;rgba(149,172,186,0.15) 30%|#95acba 100%&#8220; background_position_tablet=&#8220;bottom_left&#8220; background_horizontal_offset_tablet=&#8220;25%&#8220; locked=&#8220;off&#8220; global_colors_info=&#8220;{}&#8220;][et_pb_row use_custom_gutter=&#8220;on&#8220; gutter_width=&#8220;4&#8243; make_equal=&#8220;on&#8220; _builder_version=&#8220;4.27.4&#8243; _module_preset=&#8220;default&#8220; max_width=&#8220;800px&#8220; custom_margin=&#8220;||||false|false&#8220; custom_padding=&#8220;||||false|false&#8220; locked=&#8220;off&#8220; global_colors_info=&#8220;{}&#8220;][et_pb_column type=&#8220;4_4&#8243; _builder_version=&#8220;4.27.4&#8243; _module_preset=&#8220;default&#8220; global_colors_info=&#8220;{}&#8220;][et_pb_blurb image=&#8220;https:\/\/oceancompanyfood.com\/wp-content\/uploads\/\/2025\/02\/Blurb.svg&#8220; icon_placement=&#8220;left&#8220; image_icon_width=&#8220;5px&#8220; content_max_width=&#8220;185px&#8220; content_max_width_tablet=&#8220;28%&#8220; content_max_width_phone=&#8220;53%&#8220; content_max_width_last_edited=&#8220;off|phone&#8220; module_class=&#8220;dm-tight-blurb2&#8243; _builder_version=&#8220;4.27.4&#8243; _module_preset=&#8220;default&#8220; body_font=&#8220;|800||on|||||&#8220; body_text_color=&#8220;#182B3B&#8220; body_font_size=&#8220;17px&#8220; body_letter_spacing=&#8220;2px&#8220; body_line_height=&#8220;1.4em&#8220; image_icon_custom_margin=&#8220;|||10px|false|false&#8220; image_icon_custom_padding=&#8220;||||false|false&#8220; module_alignment=&#8220;center&#8220; custom_margin=&#8220;||20px||false|false&#8220; custom_padding=&#8220;||||false|false&#8220; animation=&#8220;off&#8220; custom_css_main_element=&#8220;margin-left:-10px;&#8220; global_colors_info=&#8220;{}&#8220;]<\/p>\n<p style=\"text-align: center;\">\u00dcberbest\u00e4nde<\/p>\n<p>[\/et_pb_blurb][et_pb_text _builder_version=&#8220;4.27.4&#8243; _module_preset=&#8220;default&#8220; text_text_color=&#8220;#FFFFFF&#8220; text_font_size=&#8220;19px&#8220; text_line_height=&#8220;1.5em&#8220; header_font=&#8220;|800|||||||&#8220; header_text_color=&#8220;#FFFFFF&#8220; header_font_size=&#8220;48px&#8220; header_line_height=&#8220;1.1em&#8220; header_2_font=&#8220;|800|||||||&#8220; header_2_text_color=&#8220;#182B3B&#8220; header_2_font_size=&#8220;36px&#8220; header_2_line_height=&#8220;1.1em&#8220; custom_margin=&#8220;||15px||false|false&#8220; header_2_font_size_tablet=&#8220;34px&#8220; header_2_font_size_phone=&#8220;32px&#8220; header_2_font_size_last_edited=&#8220;on|phone&#8220; global_colors_info=&#8220;{}&#8220;]<\/p>\n<h2 style=\"text-align: center;\">Partner mit Ocean Company heute<\/h2>\n<p>[\/et_pb_text][et_pb_text _builder_version=&#8220;4.27.4&#8243; _module_preset=&#8220;default&#8220; custom_margin=&#8220;||50px||false|false&#8220; global_colors_info=&#8220;{}&#8220;]<\/p>\n<p style=\"text-align: center;\">Sie suchen nach hochwertigen, nachhaltigen Lebensmittelzutaten f\u00fcr Ihre Produktion? Lassen Sie uns zusammenarbeiten, um intelligente, effiziente und frische L\u00f6sungen zu entwickeln, die auf Ihre Bed\u00fcrfnisse zugeschnitten sind. <\/p>\n<p>[\/et_pb_text][et_pb_button button_url=&#8220;https:\/\/oceancompanyfood.com\/de\/kontakt\/&#8220; button_text=&#8220;Kontaktieren Sie uns heute&#8220; button_alignment=&#8220;center&#8220; _builder_version=&#8220;4.27.4&#8243; _module_preset=&#8220;default&#8220; custom_button=&#8220;on&#8220; button_text_size=&#8220;15px&#8220; button_text_color=&#8220;#FFFFFF&#8220; button_bg_color=&#8220;#20B2AA&#8220; button_border_width=&#8220;3px&#8220; button_border_color=&#8220;#20B2AA&#8220; button_border_radius=&#8220;100px&#8220; button_letter_spacing=&#8220;2px&#8220; button_font=&#8220;|800||on|||||&#8220; custom_padding=&#8220;12px|30px|12px|30px|true|true&#8220; locked=&#8220;off&#8220; global_colors_info=&#8220;{}&#8220; button_bg_color__hover_enabled=&#8220;on|desktop&#8220; button_bg_color__hover=&#8220;RGBA(255,255,255,0)&#8220; button_bg_enable_color__hover=&#8220;on&#8220; button_text_color__hover_enabled=&#8220;on|hover&#8220; button_text_color__hover=&#8220;#20B2AA&#8220;][\/et_pb_button][\/et_pb_column][\/et_pb_row][\/et_pb_section]<\/p>\n","protected":false},"excerpt":{"rendered":"<p>Ocean Company\u00dcberbest\u00e4ndeWir maximieren Ihren WertWir von Ocean Company haben uns auf den Ankauf von \u00dcberbest\u00e4nden an Lebensmitteln spezialisiert. Ganz gleich, ob es sich um besch\u00e4digte Waren, Fehlproduktionen, Reste oder sogar veraltete Artikel handelt, wir sind f\u00fcr Sie da. Unser Ziel ist es, den Wert f\u00fcr Sie zu maximieren, indem wir eine L\u00f6sung f\u00fcr \u00fcbersch\u00fcssige Best\u00e4nde [&hellip;]<\/p>\n","protected":false},"author":2,"featured_media":0,"parent":0,"menu_order":0,"comment_status":"closed","ping_status":"closed","template":"","meta":{"_et_pb_use_builder":"on","_et_pb_old_content":"","_et_gb_content_width":"","inline_featured_image":false,"footnotes":""},"class_list":["post-2614","page","type-page","status-publish","hentry"],"_links":{"self":[{"href":"https:\/\/oceancompanyfood.com\/de\/wp-json\/wp\/v2\/pages\/2614","targetHints":{"allow":["GET"]}}],"collection":[{"href":"https:\/\/oceancompanyfood.com\/de\/wp-json\/wp\/v2\/pages"}],"about":[{"href":"https:\/\/oceancompanyfood.com\/de\/wp-json\/wp\/v2\/types\/page"}],"author":[{"embeddable":true,"href":"https:\/\/oceancompanyfood.com\/de\/wp-json\/wp\/v2\/users\/2"}],"replies":[{"embeddable":true,"href":"https:\/\/oceancompanyfood.com\/de\/wp-json\/wp\/v2\/comments?post=2614"}],"version-history":[{"count":9,"href":"https:\/\/oceancompanyfood.com\/de\/wp-json\/wp\/v2\/pages\/2614\/revisions"}],"predecessor-version":[{"id":4665,"href":"https:\/\/oceancompanyfood.com\/de\/wp-json\/wp\/v2\/pages\/2614\/revisions\/4665"}],"wp:attachment":[{"href":"https:\/\/oceancompanyfood.com\/de\/wp-json\/wp\/v2\/media?parent=2614"}],"curies":[{"name":"wp","href":"https:\/\/api.w.org\/{rel}","templated":true}]}}